{"id":11327,"date":"2023-02-18T11:58:19","date_gmt":"2023-02-18T14:58:19","guid":{"rendered":"https:\/\/www.vivawines.com.br\/loja\/produto\/prd77681\/"},"modified":"2025-03-13T18:50:51","modified_gmt":"2025-03-13T21:50:51","slug":"prd77681","status":"publish","type":"product","link":"https:\/\/www.vivawines.com.br\/loja\/produto\/prd77681\/","title":{"rendered":"Calvet Cinsault Ros\u00e9"},"content":{"rendered":"<p>Tipo de Uva \u2013 Cinsault<br \/>\nSafra \u2013 2021<br \/>\nGradua\u00e7\u00e3o Alco\u00f3lica \u2013 12%<br \/>\nVolume \u2013 750 ml<br \/>\nRegi\u00e3o \u2013 Languedoc, Fran\u00e7a<br \/>\nTipo \u2013 Vinho Fino Ros\u00e9 Meio Seco<br \/>\nElabora\u00e7\u00e3o \u2013 Sem passagens em barrica.<br \/>\nHarmoniza\u00e7\u00e3o \u2013 Saladas e Carnes brancas.<br \/>\nVis\u00e3o \u2013 Ros\u00e9 Claro<br \/>\nOlfato \u2013 Frutas vermelhas e Pimenta preta.<br \/>\nPaladar \u2013 Corpo leve, boa acidez.<\/p>\n","protected":false},"excerpt":{"rendered":"<p>Calvet Cinsault Ros\u00e9<\/p>\n","protected":false},"featured_media":11326,"comment_status":"open","ping_status":"closed","template":"","meta":[],"product_cat":[72],"product_tag":[],"_links":{"self":[{"href":"https:\/\/www.vivawines.com.br\/loja\/wp-json\/wp\/v2\/product\/11327"}],"collection":[{"href":"https:\/\/www.vivawines.com.br\/loja\/wp-json\/wp\/v2\/product"}],"about":[{"href":"https:\/\/www.vivawines.com.br\/loja\/wp-json\/wp\/v2\/types\/product"}],"replies":[{"embeddable":true,"href":"https:\/\/www.vivawines.com.br\/loja\/wp-json\/wp\/v2\/comments?post=11327"}],"wp:featuredmedia":[{"embeddable":true,"href":"https:\/\/www.vivawines.com.br\/loja\/wp-json\/wp\/v2\/media\/11326"}],"wp:attachment":[{"href":"https:\/\/www.vivawines.com.br\/loja\/wp-json\/wp\/v2\/media?parent=11327"}],"wp:term":[{"taxonomy":"product_cat","embeddable":true,"href":"https:\/\/www.vivawines.com.br\/loja\/wp-json\/wp\/v2\/product_cat?post=11327"},{"taxonomy":"product_tag","embeddable":true,"href":"https:\/\/www.vivawines.com.br\/loja\/wp-json\/wp\/v2\/product_tag?post=11327"}],"curies":[{"name":"wp","href":"https:\/\/api.w.org\/{rel}","templated":true}]}}