{"id":11337,"date":"2023-02-18T11:58:36","date_gmt":"2023-02-18T14:58:36","guid":{"rendered":"https:\/\/www.vivawines.com.br\/loja\/produto\/prd77824\/"},"modified":"2025-06-09T20:08:28","modified_gmt":"2025-06-09T23:08:28","slug":"prd77824","status":"publish","type":"product","link":"https:\/\/www.vivawines.com.br\/loja\/produto\/prd77824\/","title":{"rendered":"Flor de Julia Blend"},"content":{"rendered":"<p>Tipo de Uva \u2013 Fern\u00e3o Pires, Ant\u00e3o Vaz, Gouveio e Arinto.<br \/>\nSafra \u2013 2016<br \/>\nGradua\u00e7\u00e3o Alco\u00f3lica \u2013 13,5%<br \/>\nVolume \u2013 750 ml<br \/>\nRegi\u00e3o \u2013 Alentejo, Portugal<br \/>\nTipo \u2013 Fino Tinto Seco<br \/>\nElabora\u00e7\u00e3o \u2013 Estagiou apenas em inox para preservar todos os aromas de fruta fresca.<br \/>\nHarmoniza\u00e7\u00e3o \u2013 Comida italiana como pizzas, massas com molho de tomate e carnes grelhadas.<br \/>\nVis\u00e3o \u2013 Aspeto l\u00edmpido, de cor ruby.<br \/>\nOlfato \u2013 Aroma fresco, com frutos vermelhos e apontamentos florais.<br \/>\nPaladar \u2013 Na boca a fruta \u00e9 evidente, com um bom equil\u00edbrio entre a acidez e os taninos redondos.<\/p>\n","protected":false},"excerpt":{"rendered":"<p>Flor de Julia Blend<\/p>\n","protected":false},"featured_media":11336,"comment_status":"open","ping_status":"closed","template":"","meta":[],"product_cat":[72],"product_tag":[],"_links":{"self":[{"href":"https:\/\/www.vivawines.com.br\/loja\/wp-json\/wp\/v2\/product\/11337"}],"collection":[{"href":"https:\/\/www.vivawines.com.br\/loja\/wp-json\/wp\/v2\/product"}],"about":[{"href":"https:\/\/www.vivawines.com.br\/loja\/wp-json\/wp\/v2\/types\/product"}],"replies":[{"embeddable":true,"href":"https:\/\/www.vivawines.com.br\/loja\/wp-json\/wp\/v2\/comments?post=11337"}],"wp:featuredmedia":[{"embeddable":true,"href":"https:\/\/www.vivawines.com.br\/loja\/wp-json\/wp\/v2\/media\/11336"}],"wp:attachment":[{"href":"https:\/\/www.vivawines.com.br\/loja\/wp-json\/wp\/v2\/media?parent=11337"}],"wp:term":[{"taxonomy":"product_cat","embeddable":true,"href":"https:\/\/www.vivawines.com.br\/loja\/wp-json\/wp\/v2\/product_cat?post=11337"},{"taxonomy":"product_tag","embeddable":true,"href":"https:\/\/www.vivawines.com.br\/loja\/wp-json\/wp\/v2\/product_tag?post=11337"}],"curies":[{"name":"wp","href":"https:\/\/api.w.org\/{rel}","templated":true}]}}