{"id":11339,"date":"2023-02-18T11:58:38","date_gmt":"2023-02-18T14:58:38","guid":{"rendered":"https:\/\/www.vivawines.com.br\/loja\/produto\/prd77825\/"},"modified":"2025-03-13T18:50:57","modified_gmt":"2025-03-13T21:50:57","slug":"prd77825","status":"publish","type":"product","link":"https:\/\/www.vivawines.com.br\/loja\/produto\/prd77825\/","title":{"rendered":"Dama Puglia Sangiovese IGT"},"content":{"rendered":"<p>Tipo de Uva \u2013 Sangiovese<br \/>\nSafra \u2013 n\u00e3o safrado<br \/>\nGradua\u00e7\u00e3o Alco\u00f3lica \u2013 11%<br \/>\nVolume \u2013 750 ml<br \/>\nRegi\u00e3o \u2013 Puglia, It\u00e1lia<br \/>\nTipo \u2013 Fino Tinto Meio Seco<br \/>\nElabora\u00e7\u00e3o \u2013 Estagio em tanques de inox<br \/>\nHarmoniza\u00e7\u00e3o \u2013 Assados de carne.<br \/>\nVis\u00e3o \u2013 Vermelho de boa intensidade<br \/>\nOlfato \u2013 Frutos vermelhos.<br \/>\nPaladar \u2013 M\u00e9dio corpo, macio e t\u00edpico.<\/p>\n","protected":false},"excerpt":{"rendered":"<p>Dama Puglia Sangiovese IGT<\/p>\n","protected":false},"featured_media":11338,"comment_status":"open","ping_status":"closed","template":"","meta":[],"product_cat":[72],"product_tag":[],"_links":{"self":[{"href":"https:\/\/www.vivawines.com.br\/loja\/wp-json\/wp\/v2\/product\/11339"}],"collection":[{"href":"https:\/\/www.vivawines.com.br\/loja\/wp-json\/wp\/v2\/product"}],"about":[{"href":"https:\/\/www.vivawines.com.br\/loja\/wp-json\/wp\/v2\/types\/product"}],"replies":[{"embeddable":true,"href":"https:\/\/www.vivawines.com.br\/loja\/wp-json\/wp\/v2\/comments?post=11339"}],"wp:featuredmedia":[{"embeddable":true,"href":"https:\/\/www.vivawines.com.br\/loja\/wp-json\/wp\/v2\/media\/11338"}],"wp:attachment":[{"href":"https:\/\/www.vivawines.com.br\/loja\/wp-json\/wp\/v2\/media?parent=11339"}],"wp:term":[{"taxonomy":"product_cat","embeddable":true,"href":"https:\/\/www.vivawines.com.br\/loja\/wp-json\/wp\/v2\/product_cat?post=11339"},{"taxonomy":"product_tag","embeddable":true,"href":"https:\/\/www.vivawines.com.br\/loja\/wp-json\/wp\/v2\/product_tag?post=11339"}],"curies":[{"name":"wp","href":"https:\/\/api.w.org\/{rel}","templated":true}]}}