{"id":11341,"date":"2023-02-18T11:58:41","date_gmt":"2023-02-18T14:58:41","guid":{"rendered":"https:\/\/www.vivawines.com.br\/loja\/produto\/prd77846\/"},"modified":"2025-03-13T18:50:59","modified_gmt":"2025-03-13T21:50:59","slug":"prd77846","status":"publish","type":"product","link":"https:\/\/www.vivawines.com.br\/loja\/produto\/prd77846\/","title":{"rendered":"Los Cardos Do\u00f1a Paula Malbec"},"content":{"rendered":"<p>Tipo de Uva \u2013 Malbec<br \/>\nSafra \u2013 2019<br \/>\nGradua\u00e7\u00e3o Alco\u00f3lica \u2013 13,5%<br \/>\nVolume \u2013 750 ml<br \/>\nRegi\u00e3o \u2013 Mendoza, Argentina<br \/>\nTipo \u2013 Vinho Fino Tinto Seco<br \/>\nElabora\u00e7\u00e3o \u2013 Sem passagens em barrica de carvalho.<br \/>\nHarmoniza\u00e7\u00e3o \u2013 Um \u00f3timo r\u00f3tulo para acompanhar carnes vermelhas, carnes de ca\u00e7a, massas com molhos ricos e queijos maduros.<br \/>\nVis\u00e3o \u2013 Colora\u00e7\u00e3o p\u00farpura intensa.<br \/>\nOlfato \u2013 Aromas de frutas vermelhas, como morango, framboesa e amora, notas herb\u00e1ceas e um toque de violeta.<br \/>\nPaladar \u2013 Fresco e f\u00e1cil de beber. Em boca, revela taninos aveludados, sendo perfeito para o dia a dia.<\/p>\n","protected":false},"excerpt":{"rendered":"<p>Los Cardos Do\u00f1a Paula Malbec<\/p>\n","protected":false},"featured_media":11340,"comment_status":"open","ping_status":"closed","template":"","meta":[],"product_cat":[72],"product_tag":[],"_links":{"self":[{"href":"https:\/\/www.vivawines.com.br\/loja\/wp-json\/wp\/v2\/product\/11341"}],"collection":[{"href":"https:\/\/www.vivawines.com.br\/loja\/wp-json\/wp\/v2\/product"}],"about":[{"href":"https:\/\/www.vivawines.com.br\/loja\/wp-json\/wp\/v2\/types\/product"}],"replies":[{"embeddable":true,"href":"https:\/\/www.vivawines.com.br\/loja\/wp-json\/wp\/v2\/comments?post=11341"}],"wp:featuredmedia":[{"embeddable":true,"href":"https:\/\/www.vivawines.com.br\/loja\/wp-json\/wp\/v2\/media\/11340"}],"wp:attachment":[{"href":"https:\/\/www.vivawines.com.br\/loja\/wp-json\/wp\/v2\/media?parent=11341"}],"wp:term":[{"taxonomy":"product_cat","embeddable":true,"href":"https:\/\/www.vivawines.com.br\/loja\/wp-json\/wp\/v2\/product_cat?post=11341"},{"taxonomy":"product_tag","embeddable":true,"href":"https:\/\/www.vivawines.com.br\/loja\/wp-json\/wp\/v2\/product_tag?post=11341"}],"curies":[{"name":"wp","href":"https:\/\/api.w.org\/{rel}","templated":true}]}}