{"id":11345,"date":"2023-02-18T11:58:47","date_gmt":"2023-02-18T14:58:47","guid":{"rendered":"https:\/\/www.vivawines.com.br\/loja\/produto\/prd77877\/"},"modified":"2025-03-13T18:51:03","modified_gmt":"2025-03-13T21:51:03","slug":"prd77877","status":"publish","type":"product","link":"https:\/\/www.vivawines.com.br\/loja\/produto\/prd77877\/","title":{"rendered":"Salvattore Cl\u00e1ssico Ros\u00e9"},"content":{"rendered":"<p>Tipo de Uva \u2013 50% Tannat, 25% Merlot e 25% Cabernet Franc<br \/>\nSafra \u2013 2022<br \/>\nGradua\u00e7\u00e3o Alco\u00f3lica \u2013 11,5%<br \/>\nVolume \u2013 750 ml<br \/>\nRegi\u00e3o \u2013 Flores da Cunha, RS<br \/>\nTipo \u2013 Vinho Fino Ros\u00e9 Seco<br \/>\nElabora\u00e7\u00e3o \u2013 Sem passagens em barrica.<br \/>\nHarmoniza\u00e7\u00e3o \u2013 Queijos leves a m\u00e9dios, peixes assados ou n\u00e3o, pratos veganos, saladas, aperitivos, tortas salgadas e pizzas. Tratando-se de um vinho jovial, pode ser harmonizado com pratos do dia-a-dia.<br \/>\nVis\u00e3o \u2013 Colora\u00e7\u00e3o r\u00f3sea, com leve toque bronze.<br \/>\nOlfato \u2013 A fineza de seu perfume pode ser comparada ao perfume frutas tropicais (abacaxi, cereja, rom\u00e3) e aromas florais de rosas vermelhas.<br \/>\nPaladar \u2013 A primeira sensa\u00e7\u00e3o de maciez que \u00e9 substitu\u00edda por um frescor longo e marcante. Retrogosto reapresenta as sensa\u00e7\u00f5es arom\u00e1ticas com muito intensidade.<\/p>\n","protected":false},"excerpt":{"rendered":"<p>Salvattore Cl\u00e1ssico Ros\u00e9<\/p>\n","protected":false},"featured_media":11344,"comment_status":"open","ping_status":"closed","template":"","meta":[],"product_cat":[72],"product_tag":[],"_links":{"self":[{"href":"https:\/\/www.vivawines.com.br\/loja\/wp-json\/wp\/v2\/product\/11345"}],"collection":[{"href":"https:\/\/www.vivawines.com.br\/loja\/wp-json\/wp\/v2\/product"}],"about":[{"href":"https:\/\/www.vivawines.com.br\/loja\/wp-json\/wp\/v2\/types\/product"}],"replies":[{"embeddable":true,"href":"https:\/\/www.vivawines.com.br\/loja\/wp-json\/wp\/v2\/comments?post=11345"}],"wp:featuredmedia":[{"embeddable":true,"href":"https:\/\/www.vivawines.com.br\/loja\/wp-json\/wp\/v2\/media\/11344"}],"wp:attachment":[{"href":"https:\/\/www.vivawines.com.br\/loja\/wp-json\/wp\/v2\/media?parent=11345"}],"wp:term":[{"taxonomy":"product_cat","embeddable":true,"href":"https:\/\/www.vivawines.com.br\/loja\/wp-json\/wp\/v2\/product_cat?post=11345"},{"taxonomy":"product_tag","embeddable":true,"href":"https:\/\/www.vivawines.com.br\/loja\/wp-json\/wp\/v2\/product_tag?post=11345"}],"curies":[{"name":"wp","href":"https:\/\/api.w.org\/{rel}","templated":true}]}}