{"id":11349,"date":"2023-02-18T11:58:52","date_gmt":"2023-02-18T14:58:52","guid":{"rendered":"https:\/\/www.vivawines.com.br\/loja\/produto\/prd77887\/"},"modified":"2025-03-13T18:51:07","modified_gmt":"2025-03-13T21:51:07","slug":"prd77887","status":"publish","type":"product","link":"https:\/\/www.vivawines.com.br\/loja\/produto\/prd77887\/","title":{"rendered":"The BeachHouse Shiraz"},"content":{"rendered":"<p>Tipo de Uva \u2013 Shiraz<br \/>\nSafra \u2013 2020<br \/>\nGradua\u00e7\u00e3o Alco\u00f3lica \u2013 13,5%<br \/>\nVolume \u2013 750 ml<br \/>\nRegi\u00e3o \u2013 Western Cape, \u00c1frica do Sul<br \/>\nTipo \u2013 Fino Tinto Seco<br \/>\nElabora\u00e7\u00e3o \u2013 Sem passagem em barricas de carvalho franc\u00eas.<br \/>\nHarmoniza\u00e7\u00e3o \u2013 Carnes Vermelhas, Massas e Pizzas<br \/>\nVis\u00e3o \u2013 Vermelho rubi com uma bela tonalidade roxa.<br \/>\nAroma \u2013 Aromas de blackberry e temperos.<br \/>\nPaladar \u2013 Estrutura de taninos aveludados e suaves, carregados de frutos pretos e especiarias elegantes.<\/p>\n","protected":false},"excerpt":{"rendered":"<p>The BeachHouse Shiraz<\/p>\n","protected":false},"featured_media":11348,"comment_status":"open","ping_status":"closed","template":"","meta":[],"product_cat":[72],"product_tag":[],"_links":{"self":[{"href":"https:\/\/www.vivawines.com.br\/loja\/wp-json\/wp\/v2\/product\/11349"}],"collection":[{"href":"https:\/\/www.vivawines.com.br\/loja\/wp-json\/wp\/v2\/product"}],"about":[{"href":"https:\/\/www.vivawines.com.br\/loja\/wp-json\/wp\/v2\/types\/product"}],"replies":[{"embeddable":true,"href":"https:\/\/www.vivawines.com.br\/loja\/wp-json\/wp\/v2\/comments?post=11349"}],"wp:featuredmedia":[{"embeddable":true,"href":"https:\/\/www.vivawines.com.br\/loja\/wp-json\/wp\/v2\/media\/11348"}],"wp:attachment":[{"href":"https:\/\/www.vivawines.com.br\/loja\/wp-json\/wp\/v2\/media?parent=11349"}],"wp:term":[{"taxonomy":"product_cat","embeddable":true,"href":"https:\/\/www.vivawines.com.br\/loja\/wp-json\/wp\/v2\/product_cat?post=11349"},{"taxonomy":"product_tag","embeddable":true,"href":"https:\/\/www.vivawines.com.br\/loja\/wp-json\/wp\/v2\/product_tag?post=11349"}],"curies":[{"name":"wp","href":"https:\/\/api.w.org\/{rel}","templated":true}]}}