{"id":11361,"date":"2023-02-18T11:59:06","date_gmt":"2023-02-18T14:59:06","guid":{"rendered":"https:\/\/www.vivawines.com.br\/loja\/produto\/prd77946\/"},"modified":"2025-05-08T20:28:22","modified_gmt":"2025-05-08T23:28:22","slug":"prd77946","status":"publish","type":"product","link":"https:\/\/www.vivawines.com.br\/loja\/produto\/prd77946\/","title":{"rendered":"Larentis Marselan Cepas"},"content":{"rendered":"<p>Tipo de Uva \u2013 Marselan<br \/>\nSafra \u2013 2018<br \/>\nGradua\u00e7\u00e3o Alco\u00f3lica \u2013 13,4%<br \/>\nVolume \u2013 750 ml<br \/>\nRegi\u00e3o \u2013 Vale dos Vinhedos, RS<br \/>\nTipo \u2013 Fino Tinto Seco<br \/>\nElabora\u00e7\u00e3o \u2013 8 meses de matura\u00e7\u00e3o em barricas de carvalho franc\u00eas e afinamento em cave por mais 12 meses.<br \/>\nHarmoniza\u00e7\u00e3o \u2013 Carnes Vermelhas. Massas e Risotos.<br \/>\nVis\u00e3o \u2013 Vermelho rubi, com reflexos viol\u00e1ceos.<br \/>\nOlfato \u2013 Intenso aroma de frutas vermelhas e carvalho integrado.<br \/>\nPaladar \u2013 No palato \u00e9 macio e bem estruturado.<\/p>\n","protected":false},"excerpt":{"rendered":"<p>Larentis Marselan Cepas<\/p>\n","protected":false},"featured_media":11360,"comment_status":"open","ping_status":"closed","template":"","meta":[],"product_cat":[72],"product_tag":[],"_links":{"self":[{"href":"https:\/\/www.vivawines.com.br\/loja\/wp-json\/wp\/v2\/product\/11361"}],"collection":[{"href":"https:\/\/www.vivawines.com.br\/loja\/wp-json\/wp\/v2\/product"}],"about":[{"href":"https:\/\/www.vivawines.com.br\/loja\/wp-json\/wp\/v2\/types\/product"}],"replies":[{"embeddable":true,"href":"https:\/\/www.vivawines.com.br\/loja\/wp-json\/wp\/v2\/comments?post=11361"}],"wp:featuredmedia":[{"embeddable":true,"href":"https:\/\/www.vivawines.com.br\/loja\/wp-json\/wp\/v2\/media\/11360"}],"wp:attachment":[{"href":"https:\/\/www.vivawines.com.br\/loja\/wp-json\/wp\/v2\/media?parent=11361"}],"wp:term":[{"taxonomy":"product_cat","embeddable":true,"href":"https:\/\/www.vivawines.com.br\/loja\/wp-json\/wp\/v2\/product_cat?post=11361"},{"taxonomy":"product_tag","embeddable":true,"href":"https:\/\/www.vivawines.com.br\/loja\/wp-json\/wp\/v2\/product_tag?post=11361"}],"curies":[{"name":"wp","href":"https:\/\/api.w.org\/{rel}","templated":true}]}}