{"id":11362,"date":"2023-02-18T11:59:08","date_gmt":"2023-02-18T14:59:08","guid":{"rendered":"https:\/\/www.vivawines.com.br\/loja\/produto\/prd77949\/"},"modified":"2025-03-13T18:51:21","modified_gmt":"2025-03-13T21:51:21","slug":"prd77949","status":"publish","type":"product","link":"https:\/\/www.vivawines.com.br\/loja\/produto\/prd77949\/","title":{"rendered":"Videiras Merlot\/Tannat Demi-Sec"},"content":{"rendered":"<p>Tipo de Uva &#8211; Merlot\/Tannat<br \/>\nSafra &#8211; 2021<br \/>\nGradua\u00e7\u00e3o Alco\u00f3lica &#8211; 12,5%<br \/>\nVolume &#8211; 750 ml<br \/>\nRegi\u00e3o &#8211; Flores da Cunha, RS<br \/>\nTipo &#8211; Vinho Fino Tinto Demi-Sec<br \/>\nElabora\u00e7\u00e3o &#8211; Sem passagem em barril de carvalho.<br \/>\nHarmoniza\u00e7\u00e3o &#8211; Pratos leves<br \/>\nVis\u00e3o &#8211; Rubi<br \/>\nOlfato &#8211; Notas de frutas vermelhas maduras<br \/>\nPaladar &#8211; Em boca \u00e9 elegante, com dul\u00e7or caracter\u00edstico.<\/p>\n","protected":false},"excerpt":{"rendered":"<p>Videiras Merlot\/Tannat Demi-Sec<\/p>\n","protected":false},"featured_media":11553,"comment_status":"open","ping_status":"closed","template":"","meta":[],"product_cat":[72],"product_tag":[],"_links":{"self":[{"href":"https:\/\/www.vivawines.com.br\/loja\/wp-json\/wp\/v2\/product\/11362"}],"collection":[{"href":"https:\/\/www.vivawines.com.br\/loja\/wp-json\/wp\/v2\/product"}],"about":[{"href":"https:\/\/www.vivawines.com.br\/loja\/wp-json\/wp\/v2\/types\/product"}],"replies":[{"embeddable":true,"href":"https:\/\/www.vivawines.com.br\/loja\/wp-json\/wp\/v2\/comments?post=11362"}],"wp:featuredmedia":[{"embeddable":true,"href":"https:\/\/www.vivawines.com.br\/loja\/wp-json\/wp\/v2\/media\/11553"}],"wp:attachment":[{"href":"https:\/\/www.vivawines.com.br\/loja\/wp-json\/wp\/v2\/media?parent=11362"}],"wp:term":[{"taxonomy":"product_cat","embeddable":true,"href":"https:\/\/www.vivawines.com.br\/loja\/wp-json\/wp\/v2\/product_cat?post=11362"},{"taxonomy":"product_tag","embeddable":true,"href":"https:\/\/www.vivawines.com.br\/loja\/wp-json\/wp\/v2\/product_tag?post=11362"}],"curies":[{"name":"wp","href":"https:\/\/api.w.org\/{rel}","templated":true}]}}