{"id":11370,"date":"2023-02-18T11:59:15","date_gmt":"2023-02-18T14:59:15","guid":{"rendered":"https:\/\/www.vivawines.com.br\/loja\/produto\/prd77957\/"},"modified":"2025-03-13T18:51:27","modified_gmt":"2025-03-13T21:51:27","slug":"prd77957","status":"publish","type":"product","link":"https:\/\/www.vivawines.com.br\/loja\/produto\/prd77957\/","title":{"rendered":"Barcarola Rebo"},"content":{"rendered":"<p>Tipo de Uva \u2013 Rebo ( Cruzamento das uvas Teroldego e Merlot )<br \/>\nSafra \u2013 2018<br \/>\nGradua\u00e7\u00e3o Alco\u00f3lica \u2013 13,6%<br \/>\nVolume \u2013 750 ml<br \/>\nRegi\u00e3o \u2013 Vale dos Vinhedos, RS<br \/>\nVin\u00edcola Barcarola<br \/>\nTipo \u2013 Fino Tinto Seco<br \/>\nElabora\u00e7\u00e3o \u2013 Sem passagem em barricas.<br \/>\nHarmoniza\u00e7\u00e3o \u2013 Massas, carnes, embutidos defumados, queijos e diversos outros pratos da gastronomia mundial.<br \/>\nVis\u00e3o \u2013 De colora\u00e7\u00e3o vermelho rubi, com reflexos viol\u00e1ceos.<br \/>\nOlfato \u2013 Possui intensas e variadas flagr\u00e2ncias que remetem a frutas maduras.<br \/>\nPaladar \u2013 Seus taninos aveludados e maduros proporcionam um sabor agrad\u00e1vel, equilibrado e muito convidativo.<\/p>\n","protected":false},"excerpt":{"rendered":"<p>Barcarola Rebo<\/p>\n","protected":false},"featured_media":11369,"comment_status":"open","ping_status":"closed","template":"","meta":[],"product_cat":[72],"product_tag":[],"_links":{"self":[{"href":"https:\/\/www.vivawines.com.br\/loja\/wp-json\/wp\/v2\/product\/11370"}],"collection":[{"href":"https:\/\/www.vivawines.com.br\/loja\/wp-json\/wp\/v2\/product"}],"about":[{"href":"https:\/\/www.vivawines.com.br\/loja\/wp-json\/wp\/v2\/types\/product"}],"replies":[{"embeddable":true,"href":"https:\/\/www.vivawines.com.br\/loja\/wp-json\/wp\/v2\/comments?post=11370"}],"wp:featuredmedia":[{"embeddable":true,"href":"https:\/\/www.vivawines.com.br\/loja\/wp-json\/wp\/v2\/media\/11369"}],"wp:attachment":[{"href":"https:\/\/www.vivawines.com.br\/loja\/wp-json\/wp\/v2\/media?parent=11370"}],"wp:term":[{"taxonomy":"product_cat","embeddable":true,"href":"https:\/\/www.vivawines.com.br\/loja\/wp-json\/wp\/v2\/product_cat?post=11370"},{"taxonomy":"product_tag","embeddable":true,"href":"https:\/\/www.vivawines.com.br\/loja\/wp-json\/wp\/v2\/product_tag?post=11370"}],"curies":[{"name":"wp","href":"https:\/\/api.w.org\/{rel}","templated":true}]}}