{"id":11376,"date":"2023-02-18T11:59:25","date_gmt":"2023-02-18T14:59:25","guid":{"rendered":"https:\/\/www.vivawines.com.br\/loja\/produto\/prd78007\/"},"modified":"2025-03-13T18:51:33","modified_gmt":"2025-03-13T21:51:33","slug":"prd78007","status":"publish","type":"product","link":"https:\/\/www.vivawines.com.br\/loja\/produto\/prd78007\/","title":{"rendered":"Leonardo da Vinci Chianti"},"content":{"rendered":"<p>Tipo de Uva \u2013 85% Sangiovese, 10% Merlot e 5% outros<br \/>\nSafra \u2013 2019<br \/>\nGradua\u00e7\u00e3o Alco\u00f3lica \u2013 12,5%<br \/>\nVolume \u2013 750 ml<br \/>\nRegi\u00e3o \u2013 Chianti, It\u00e1lia<br \/>\nTipo \u2013 Vinho Fino Seco<br \/>\nElabora\u00e7\u00e3o \u2013 10 Meses de barricas de carvalho.<br \/>\nHarmoniza\u00e7\u00e3o \u2013  Massas, queijos e carneiros.<br \/>\nVis\u00e3o \u2013 Rubi<br \/>\nOlfato \u2013  Aromas de cerejas, baunilha e canela.<br \/>\nPaladar \u2013 Taninos e acidez m\u00e9dia.<\/p>\n","protected":false},"excerpt":{"rendered":"<p>Leonardo da Vinci Chianti<\/p>\n","protected":false},"featured_media":11375,"comment_status":"open","ping_status":"closed","template":"","meta":[],"product_cat":[72],"product_tag":[],"_links":{"self":[{"href":"https:\/\/www.vivawines.com.br\/loja\/wp-json\/wp\/v2\/product\/11376"}],"collection":[{"href":"https:\/\/www.vivawines.com.br\/loja\/wp-json\/wp\/v2\/product"}],"about":[{"href":"https:\/\/www.vivawines.com.br\/loja\/wp-json\/wp\/v2\/types\/product"}],"replies":[{"embeddable":true,"href":"https:\/\/www.vivawines.com.br\/loja\/wp-json\/wp\/v2\/comments?post=11376"}],"wp:featuredmedia":[{"embeddable":true,"href":"https:\/\/www.vivawines.com.br\/loja\/wp-json\/wp\/v2\/media\/11375"}],"wp:attachment":[{"href":"https:\/\/www.vivawines.com.br\/loja\/wp-json\/wp\/v2\/media?parent=11376"}],"wp:term":[{"taxonomy":"product_cat","embeddable":true,"href":"https:\/\/www.vivawines.com.br\/loja\/wp-json\/wp\/v2\/product_cat?post=11376"},{"taxonomy":"product_tag","embeddable":true,"href":"https:\/\/www.vivawines.com.br\/loja\/wp-json\/wp\/v2\/product_tag?post=11376"}],"curies":[{"name":"wp","href":"https:\/\/api.w.org\/{rel}","templated":true}]}}