{"id":11384,"date":"2023-02-18T11:59:36","date_gmt":"2023-02-18T14:59:36","guid":{"rendered":"https:\/\/www.vivawines.com.br\/loja\/produto\/prd78088\/"},"modified":"2025-03-13T18:51:44","modified_gmt":"2025-03-13T21:51:44","slug":"prd78088","status":"publish","type":"product","link":"https:\/\/www.vivawines.com.br\/loja\/produto\/prd78088\/","title":{"rendered":"Ulian Unus Merlot"},"content":{"rendered":"<p>Tipo de Uva \u2013 Merlot<br \/>\nSafra \u2013 2020<br \/>\nGradua\u00e7\u00e3o Alco\u00f3lica \u2013 13,5%<br \/>\nVolume \u2013 750 ml<br \/>\nRegi\u00e3o \u2013 Flores da Cunha, RS<br \/>\nTipo \u2013 Vinho Fino Seco<br \/>\nElabora\u00e7\u00e3o \u2013 40% do volume do vinho com passagem por 03 meses em barricas de carvalho franc\u00eas e americano, 60% do volume restante em tanque de a\u00e7o inox.<br \/>\nHarmoniza\u00e7\u00e3o \u2013 Acompanha carnes de ca\u00e7a, pizzas e feijoadas.<br \/>\nVis\u00e3o \u2013 Colora\u00e7\u00e3o vermelho rubi.<br \/>\nOlfato \u2013 Ressaltam os aromas prim\u00e1rios de frutas do bosque como ameixa preta e amora, evid\u00eancia de especiarias, cravo e leve aroma de carvalho.<br \/>\nPaladar \u2013 Apresenta corpo macio, com taninos aveludados, vinho equilibrado com agrad\u00e1vel persist\u00eancia.<\/p>\n","protected":false},"excerpt":{"rendered":"<p>Ulian Unus Merlot<\/p>\n","protected":false},"featured_media":11383,"comment_status":"open","ping_status":"closed","template":"","meta":[],"product_cat":[72],"product_tag":[],"_links":{"self":[{"href":"https:\/\/www.vivawines.com.br\/loja\/wp-json\/wp\/v2\/product\/11384"}],"collection":[{"href":"https:\/\/www.vivawines.com.br\/loja\/wp-json\/wp\/v2\/product"}],"about":[{"href":"https:\/\/www.vivawines.com.br\/loja\/wp-json\/wp\/v2\/types\/product"}],"replies":[{"embeddable":true,"href":"https:\/\/www.vivawines.com.br\/loja\/wp-json\/wp\/v2\/comments?post=11384"}],"wp:featuredmedia":[{"embeddable":true,"href":"https:\/\/www.vivawines.com.br\/loja\/wp-json\/wp\/v2\/media\/11383"}],"wp:attachment":[{"href":"https:\/\/www.vivawines.com.br\/loja\/wp-json\/wp\/v2\/media?parent=11384"}],"wp:term":[{"taxonomy":"product_cat","embeddable":true,"href":"https:\/\/www.vivawines.com.br\/loja\/wp-json\/wp\/v2\/product_cat?post=11384"},{"taxonomy":"product_tag","embeddable":true,"href":"https:\/\/www.vivawines.com.br\/loja\/wp-json\/wp\/v2\/product_tag?post=11384"}],"curies":[{"name":"wp","href":"https:\/\/api.w.org\/{rel}","templated":true}]}}