{"id":11396,"date":"2023-02-18T12:00:13","date_gmt":"2023-02-18T15:00:13","guid":{"rendered":"https:\/\/www.vivawines.com.br\/loja\/produto\/prdv231-11\/"},"modified":"2025-03-13T18:51:53","modified_gmt":"2025-03-13T21:51:53","slug":"prdv231-11","status":"publish","type":"product","link":"https:\/\/www.vivawines.com.br\/loja\/produto\/prdv231-11\/","title":{"rendered":"Cordillera Andina Carmenere"},"content":{"rendered":"<p>Tipo de Uva &#8211; Carm\u00e9n\u00e8re<br \/>\nSafra &#8211; 2021<br \/>\nGradua\u00e7\u00e3o Alco\u00f3lica &#8211; 12,5%<br \/>\nVolume &#8211; 750 ml<br \/>\nRegi\u00e3o &#8211; Valle Central, Chile<br \/>\nTipo &#8211; Vinho Fino Tinto Seco<br \/>\nElabora\u00e7\u00e3o &#8211; Sem passagem por barrica.<br \/>\nHarmoniza\u00e7\u00e3o &#8211; Carnes vermelhas suaves, aves e queijos de pasta mole.<br \/>\nVis\u00e3o &#8211; Vermelho-violeta intenso.<br \/>\nOlfato &#8211; Seus aromas lembram-nos de maduros frutos vermelhos com notas intensas de pimenta.<br \/>\nPaladar &#8211; Na boca \u00e9 macio e redondo, com taninos doces.<\/p>\n","protected":false},"excerpt":{"rendered":"<p>Cordillera Andina Carmenere<\/p>\n","protected":false},"featured_media":11395,"comment_status":"open","ping_status":"closed","template":"","meta":[],"product_cat":[72],"product_tag":[],"_links":{"self":[{"href":"https:\/\/www.vivawines.com.br\/loja\/wp-json\/wp\/v2\/product\/11396"}],"collection":[{"href":"https:\/\/www.vivawines.com.br\/loja\/wp-json\/wp\/v2\/product"}],"about":[{"href":"https:\/\/www.vivawines.com.br\/loja\/wp-json\/wp\/v2\/types\/product"}],"replies":[{"embeddable":true,"href":"https:\/\/www.vivawines.com.br\/loja\/wp-json\/wp\/v2\/comments?post=11396"}],"wp:featuredmedia":[{"embeddable":true,"href":"https:\/\/www.vivawines.com.br\/loja\/wp-json\/wp\/v2\/media\/11395"}],"wp:attachment":[{"href":"https:\/\/www.vivawines.com.br\/loja\/wp-json\/wp\/v2\/media?parent=11396"}],"wp:term":[{"taxonomy":"product_cat","embeddable":true,"href":"https:\/\/www.vivawines.com.br\/loja\/wp-json\/wp\/v2\/product_cat?post=11396"},{"taxonomy":"product_tag","embeddable":true,"href":"https:\/\/www.vivawines.com.br\/loja\/wp-json\/wp\/v2\/product_tag?post=11396"}],"curies":[{"name":"wp","href":"https:\/\/api.w.org\/{rel}","templated":true}]}}