{"id":11398,"date":"2023-02-18T12:00:15","date_gmt":"2023-02-18T15:00:15","guid":{"rendered":"https:\/\/www.vivawines.com.br\/loja\/produto\/prdv238-2\/"},"modified":"2025-07-01T22:34:42","modified_gmt":"2025-07-02T01:34:42","slug":"prdv238-2","status":"publish","type":"product","link":"https:\/\/www.vivawines.com.br\/loja\/produto\/prdv238-2\/","title":{"rendered":"Cordillera Andina Ros\u00e9 Syrah"},"content":{"rendered":"<p>Tipo de Uva &#8211; Syrah<br \/>\nSafra &#8211; 2020<br \/>\nGradua\u00e7\u00e3o Alco\u00f3lica &#8211; 13%<br \/>\nVolume &#8211; 750 ml<br \/>\nRegi\u00e3o &#8211; Valle Central, Chile<br \/>\nTipo &#8211; Vinho Fino Ros\u00e9 Seco.<br \/>\nElabora\u00e7\u00e3o &#8211; Sem passagem por barrica.<br \/>\nHarmoniza\u00e7\u00e3o &#8211; Ideal para acompanhar aperitivos, carnes brancas, saladas e sobremesas.<br \/>\nVis\u00e3o &#8211; Cereja brilhante.<br \/>\nOlfato &#8211; \u00c9 fresco e doce, com notas de morangos e cerejas.<br \/>\nPaladar &#8211; \u00c9 equilibrado com toque de frutas vermelhas, possui final fresco.<\/p>\n","protected":false},"excerpt":{"rendered":"<p>Cordillera Andina Ros\u00e9 Syrah<\/p>\n","protected":false},"featured_media":11397,"comment_status":"open","ping_status":"closed","template":"","meta":[],"product_cat":[72],"product_tag":[],"_links":{"self":[{"href":"https:\/\/www.vivawines.com.br\/loja\/wp-json\/wp\/v2\/product\/11398"}],"collection":[{"href":"https:\/\/www.vivawines.com.br\/loja\/wp-json\/wp\/v2\/product"}],"about":[{"href":"https:\/\/www.vivawines.com.br\/loja\/wp-json\/wp\/v2\/types\/product"}],"replies":[{"embeddable":true,"href":"https:\/\/www.vivawines.com.br\/loja\/wp-json\/wp\/v2\/comments?post=11398"}],"wp:featuredmedia":[{"embeddable":true,"href":"https:\/\/www.vivawines.com.br\/loja\/wp-json\/wp\/v2\/media\/11397"}],"wp:attachment":[{"href":"https:\/\/www.vivawines.com.br\/loja\/wp-json\/wp\/v2\/media?parent=11398"}],"wp:term":[{"taxonomy":"product_cat","embeddable":true,"href":"https:\/\/www.vivawines.com.br\/loja\/wp-json\/wp\/v2\/product_cat?post=11398"},{"taxonomy":"product_tag","embeddable":true,"href":"https:\/\/www.vivawines.com.br\/loja\/wp-json\/wp\/v2\/product_tag?post=11398"}],"curies":[{"name":"wp","href":"https:\/\/api.w.org\/{rel}","templated":true}]}}