{"id":11404,"date":"2023-02-18T12:00:24","date_gmt":"2023-02-18T15:00:24","guid":{"rendered":"https:\/\/www.vivawines.com.br\/loja\/produto\/prdv326\/"},"modified":"2025-03-13T18:52:23","modified_gmt":"2025-03-13T21:52:23","slug":"prdv326","status":"publish","type":"product","link":"https:\/\/www.vivawines.com.br\/loja\/produto\/prdv326\/","title":{"rendered":"Quinta do Sobral DOC"},"content":{"rendered":"<p>Uva &#8211; Touriga Nacional , Aragon\u00eas<br \/>\nRegi\u00e3o: Vinho do D\u00e3o, Portugal<br \/>\nSafra &#8211; 2016<br \/>\nVolume &#8211; 750 ml<br \/>\nGradua\u00e7\u00e3o Alco\u00f3lica &#8211; 13%<br \/>\nNotas de cor: Cor Rubi Intenso.<br \/>\nNotas de degusta\u00e7\u00e3o: Vinho muito arom\u00e1tico, com notas de morangos e framboesa e leve floral. Na boca \u00e9 equilibrado, com taninos presentes e um final longo e macio.<\/p>\n","protected":false},"excerpt":{"rendered":"<p>Quinta do Sobral DOC<\/p>\n","protected":false},"featured_media":11403,"comment_status":"open","ping_status":"closed","template":"","meta":[],"product_cat":[72],"product_tag":[],"_links":{"self":[{"href":"https:\/\/www.vivawines.com.br\/loja\/wp-json\/wp\/v2\/product\/11404"}],"collection":[{"href":"https:\/\/www.vivawines.com.br\/loja\/wp-json\/wp\/v2\/product"}],"about":[{"href":"https:\/\/www.vivawines.com.br\/loja\/wp-json\/wp\/v2\/types\/product"}],"replies":[{"embeddable":true,"href":"https:\/\/www.vivawines.com.br\/loja\/wp-json\/wp\/v2\/comments?post=11404"}],"wp:featuredmedia":[{"embeddable":true,"href":"https:\/\/www.vivawines.com.br\/loja\/wp-json\/wp\/v2\/media\/11403"}],"wp:attachment":[{"href":"https:\/\/www.vivawines.com.br\/loja\/wp-json\/wp\/v2\/media?parent=11404"}],"wp:term":[{"taxonomy":"product_cat","embeddable":true,"href":"https:\/\/www.vivawines.com.br\/loja\/wp-json\/wp\/v2\/product_cat?post=11404"},{"taxonomy":"product_tag","embeddable":true,"href":"https:\/\/www.vivawines.com.br\/loja\/wp-json\/wp\/v2\/product_tag?post=11404"}],"curies":[{"name":"wp","href":"https:\/\/api.w.org\/{rel}","templated":true}]}}