{"id":11406,"date":"2023-02-18T12:00:27","date_gmt":"2023-02-18T15:00:27","guid":{"rendered":"https:\/\/www.vivawines.com.br\/loja\/produto\/prdv334-11\/"},"modified":"2025-03-13T18:52:25","modified_gmt":"2025-03-13T21:52:25","slug":"prdv334-11","status":"publish","type":"product","link":"https:\/\/www.vivawines.com.br\/loja\/produto\/prdv334-11\/","title":{"rendered":"Salvattore Reserva Merlot"},"content":{"rendered":"<p>Tipo de Uva \u2013 Merlot<br \/>\nSafra \u2013 2020<br \/>\nGradua\u00e7\u00e3o Alco\u00f3lica \u2013 13%<br \/>\nVolume \u2013 750 ml<br \/>\nRegi\u00e3o \u2013 Flores da Cunha\/RS<br \/>\nVin\u00edcola \u2013 Salvattore<br \/>\nTipo \u2013 Vinho Fino Tinto Seco<br \/>\nElabora\u00e7\u00e3o \u2013 Breve passagem por barrica de carvalho.<br \/>\nHarmoniza\u00e7\u00e3o \u2013 Recomendamos acompanhar queijos maturados ou envelhecidos, carnes vermelhas assadas, ca\u00e7as, embutidos, massa com temperos medianos e risotos combinados.<br \/>\nVis\u00e3o \u2013 Cor rubi, intensa.<br \/>\nOlfato \u2013 Notas arom\u00e1ticas nobres, intensas e n\u00edtidas. Descritores arom\u00e1ticos: menta, calda de frutas vermelhas, ameixa seca e pimenta preta e especiarias.<br \/>\nPaladar \u2013 Em boca \u00e9 delicado e agrad\u00e1vel, taninos perfeitamente combinados proporcionando um bom volume de boca, com retrogosto longo e macio. Sugerimos decantar por 30 minutos.<\/p>\n","protected":false},"excerpt":{"rendered":"<p>Salvattore Reserva Merlot<\/p>\n","protected":false},"featured_media":11405,"comment_status":"open","ping_status":"closed","template":"","meta":[],"product_cat":[72],"product_tag":[],"_links":{"self":[{"href":"https:\/\/www.vivawines.com.br\/loja\/wp-json\/wp\/v2\/product\/11406"}],"collection":[{"href":"https:\/\/www.vivawines.com.br\/loja\/wp-json\/wp\/v2\/product"}],"about":[{"href":"https:\/\/www.vivawines.com.br\/loja\/wp-json\/wp\/v2\/types\/product"}],"replies":[{"embeddable":true,"href":"https:\/\/www.vivawines.com.br\/loja\/wp-json\/wp\/v2\/comments?post=11406"}],"wp:featuredmedia":[{"embeddable":true,"href":"https:\/\/www.vivawines.com.br\/loja\/wp-json\/wp\/v2\/media\/11405"}],"wp:attachment":[{"href":"https:\/\/www.vivawines.com.br\/loja\/wp-json\/wp\/v2\/media?parent=11406"}],"wp:term":[{"taxonomy":"product_cat","embeddable":true,"href":"https:\/\/www.vivawines.com.br\/loja\/wp-json\/wp\/v2\/product_cat?post=11406"},{"taxonomy":"product_tag","embeddable":true,"href":"https:\/\/www.vivawines.com.br\/loja\/wp-json\/wp\/v2\/product_tag?post=11406"}],"curies":[{"name":"wp","href":"https:\/\/api.w.org\/{rel}","templated":true}]}}