{"id":11412,"date":"2023-02-18T12:00:35","date_gmt":"2023-02-18T15:00:35","guid":{"rendered":"https:\/\/www.vivawines.com.br\/loja\/produto\/prdv423-11\/"},"modified":"2025-07-18T19:52:32","modified_gmt":"2025-07-18T22:52:32","slug":"prdv423-11","status":"publish","type":"product","link":"https:\/\/www.vivawines.com.br\/loja\/produto\/prdv423-11\/","title":{"rendered":"Salvattore Reserva Cabernet Sauvignon"},"content":{"rendered":"<p>Tipo de Uva &#8211; Cabernet Sauvignon<br \/>\nSafra &#8211; 2019<br \/>\nGradua\u00e7\u00e3o Alco\u00f3lica &#8211; 12,7%<br \/>\nVolume &#8211; 750 ml<br \/>\nRegi\u00e3o &#8211; Flores da Cunha\/RS<br \/>\nVin\u00edcola &#8211; Salvattore<br \/>\nTipo &#8211; Vinho Fino Tinto Seco<br \/>\nElabora\u00e7\u00e3o &#8211; Est\u00e1gio 12 meses em carvalho Franc\u00eas e Americano e m\u00ednimo de 12 meses em cave climatizada.<br \/>\nHarmoniza\u00e7\u00e3o &#8211; Acompanham queijos fortes, carnes vermelhas assadas ou grelhadas, ca\u00e7a, massa com condimentos potentes, t\u00e1buas de frios e pizzas.<br \/>\nVis\u00e3o &#8211;  Cor vermelha p\u00farpura, intenso e elegante.<br \/>\nOlfato &#8211; Seus aromas finos lembram notas marcantes de chocolate amargo &#8211; cacau, amora preta, uva-passa e baunilha.<br \/>\nPaladar &#8211; Seu paladar \u00e9 envolvente, os taninos maduros d\u00e3o grande volume, com acidez correta e retrogosto longo.<\/p>\n","protected":false},"excerpt":{"rendered":"<p>Salvattore Reserva Cabernet Sauvignon<\/p>\n","protected":false},"featured_media":11411,"comment_status":"open","ping_status":"closed","template":"","meta":[],"product_cat":[72],"product_tag":[],"_links":{"self":[{"href":"https:\/\/www.vivawines.com.br\/loja\/wp-json\/wp\/v2\/product\/11412"}],"collection":[{"href":"https:\/\/www.vivawines.com.br\/loja\/wp-json\/wp\/v2\/product"}],"about":[{"href":"https:\/\/www.vivawines.com.br\/loja\/wp-json\/wp\/v2\/types\/product"}],"replies":[{"embeddable":true,"href":"https:\/\/www.vivawines.com.br\/loja\/wp-json\/wp\/v2\/comments?post=11412"}],"wp:featuredmedia":[{"embeddable":true,"href":"https:\/\/www.vivawines.com.br\/loja\/wp-json\/wp\/v2\/media\/11411"}],"wp:attachment":[{"href":"https:\/\/www.vivawines.com.br\/loja\/wp-json\/wp\/v2\/media?parent=11412"}],"wp:term":[{"taxonomy":"product_cat","embeddable":true,"href":"https:\/\/www.vivawines.com.br\/loja\/wp-json\/wp\/v2\/product_cat?post=11412"},{"taxonomy":"product_tag","embeddable":true,"href":"https:\/\/www.vivawines.com.br\/loja\/wp-json\/wp\/v2\/product_tag?post=11412"}],"curies":[{"name":"wp","href":"https:\/\/api.w.org\/{rel}","templated":true}]}}