{"id":11414,"date":"2023-02-18T12:00:39","date_gmt":"2023-02-18T15:00:39","guid":{"rendered":"https:\/\/www.vivawines.com.br\/loja\/produto\/prdv482\/"},"modified":"2025-03-13T18:52:31","modified_gmt":"2025-03-13T21:52:31","slug":"prdv482","status":"publish","type":"product","link":"https:\/\/www.vivawines.com.br\/loja\/produto\/prdv482\/","title":{"rendered":"Santini Cerro Marselan"},"content":{"rendered":"<p>Tipo de Uva &#8211; Marselan<br \/>\nSafra &#8211; 2015<br \/>\nGradua\u00e7\u00e3o Alco\u00f3lica &#8211; 13%<br \/>\nVolume &#8211; 750 ml<br \/>\nRegi\u00e3o &#8211; Caxias do Sul, RS<br \/>\nVin\u00edcola &#8211; Santini<br \/>\nTipo &#8211; Fino Tinto Seco<br \/>\nElabora\u00e7\u00e3o &#8211; Tanques de a\u00e7o inox por 8 meses.<br \/>\nHarmoniza\u00e7\u00e3o &#8211; Ideal para acompanhar massas, pizzas e carnes assadas.<br \/>\nVis\u00e3o &#8211;  Vermelho rubi intenso.<br \/>\nOlfato &#8211; Notas arom\u00e1ticas de frutas vermelhas maduras, toques florais como tamb\u00e9m evoluindo para notas de especiarias, aromas evolutivos conforme decanta.<br \/>\nPaladar &#8211; Taninos finos elegantes, equilibrando com a acidez deixando o produto bem harmonioso.<\/p>\n","protected":false},"excerpt":{"rendered":"<p>Santini Cerro Marselan<\/p>\n","protected":false},"featured_media":11413,"comment_status":"open","ping_status":"closed","template":"","meta":[],"product_cat":[72],"product_tag":[],"_links":{"self":[{"href":"https:\/\/www.vivawines.com.br\/loja\/wp-json\/wp\/v2\/product\/11414"}],"collection":[{"href":"https:\/\/www.vivawines.com.br\/loja\/wp-json\/wp\/v2\/product"}],"about":[{"href":"https:\/\/www.vivawines.com.br\/loja\/wp-json\/wp\/v2\/types\/product"}],"replies":[{"embeddable":true,"href":"https:\/\/www.vivawines.com.br\/loja\/wp-json\/wp\/v2\/comments?post=11414"}],"wp:featuredmedia":[{"embeddable":true,"href":"https:\/\/www.vivawines.com.br\/loja\/wp-json\/wp\/v2\/media\/11413"}],"wp:attachment":[{"href":"https:\/\/www.vivawines.com.br\/loja\/wp-json\/wp\/v2\/media?parent=11414"}],"wp:term":[{"taxonomy":"product_cat","embeddable":true,"href":"https:\/\/www.vivawines.com.br\/loja\/wp-json\/wp\/v2\/product_cat?post=11414"},{"taxonomy":"product_tag","embeddable":true,"href":"https:\/\/www.vivawines.com.br\/loja\/wp-json\/wp\/v2\/product_tag?post=11414"}],"curies":[{"name":"wp","href":"https:\/\/api.w.org\/{rel}","templated":true}]}}