{"id":11426,"date":"2023-02-18T12:00:55","date_gmt":"2023-02-18T15:00:55","guid":{"rendered":"https:\/\/www.vivawines.com.br\/loja\/produto\/prdvb129\/"},"modified":"2025-03-13T18:52:39","modified_gmt":"2025-03-13T21:52:39","slug":"prdvb129","status":"publish","type":"product","link":"https:\/\/www.vivawines.com.br\/loja\/produto\/prdvb129\/","title":{"rendered":"Soave DOC"},"content":{"rendered":"<p>Tipo de Uva &#8211; Garganega Veronese, Chardonnay<br \/>\nSafra &#8211; 2015<br \/>\nGradua\u00e7\u00e3o Alco\u00f3lica &#8211; 12,5%<br \/>\nVolume &#8211; 750 ml<br \/>\nRegi\u00e3o &#8211; Verona, It\u00e1lia<br \/>\nTipo &#8211; Vinho Fino Branco Seco<br \/>\nElabora\u00e7\u00e3o &#8211; Est\u00e1gio em Tanque de Inox, ap\u00f3s mais 3 meses em garrafa.<br \/>\nHarmoniza\u00e7\u00e3o &#8211; Aperitivos, crust\u00e1ceos e peixes em geral, carne branca ou fervida; \u00d3timo aperitivo com saladas e azeitonas.<br \/>\nVis\u00e3o &#8211; Amarelo palha com reflexos esverdeadas.<br \/>\nOlfato &#8211; Floral, vinoso, caracter\u00edstico.<br \/>\nPaladar &#8211; Leve com nuances de abacaxi.<\/p>\n","protected":false},"excerpt":{"rendered":"<p>Soave DOC<\/p>\n","protected":false},"featured_media":11425,"comment_status":"open","ping_status":"closed","template":"","meta":[],"product_cat":[72],"product_tag":[],"_links":{"self":[{"href":"https:\/\/www.vivawines.com.br\/loja\/wp-json\/wp\/v2\/product\/11426"}],"collection":[{"href":"https:\/\/www.vivawines.com.br\/loja\/wp-json\/wp\/v2\/product"}],"about":[{"href":"https:\/\/www.vivawines.com.br\/loja\/wp-json\/wp\/v2\/types\/product"}],"replies":[{"embeddable":true,"href":"https:\/\/www.vivawines.com.br\/loja\/wp-json\/wp\/v2\/comments?post=11426"}],"wp:featuredmedia":[{"embeddable":true,"href":"https:\/\/www.vivawines.com.br\/loja\/wp-json\/wp\/v2\/media\/11425"}],"wp:attachment":[{"href":"https:\/\/www.vivawines.com.br\/loja\/wp-json\/wp\/v2\/media?parent=11426"}],"wp:term":[{"taxonomy":"product_cat","embeddable":true,"href":"https:\/\/www.vivawines.com.br\/loja\/wp-json\/wp\/v2\/product_cat?post=11426"},{"taxonomy":"product_tag","embeddable":true,"href":"https:\/\/www.vivawines.com.br\/loja\/wp-json\/wp\/v2\/product_tag?post=11426"}],"curies":[{"name":"wp","href":"https:\/\/api.w.org\/{rel}","templated":true}]}}