{"id":11430,"date":"2023-02-18T12:01:00","date_gmt":"2023-02-18T15:01:00","guid":{"rendered":"https:\/\/www.vivawines.com.br\/loja\/produto\/prdvb211-11\/"},"modified":"2025-12-20T19:11:04","modified_gmt":"2025-12-20T22:11:04","slug":"prdvb211-11","status":"publish","type":"product","link":"https:\/\/www.vivawines.com.br\/loja\/produto\/prdvb211-11\/","title":{"rendered":"Salvattore Reserva Chardonnay"},"content":{"rendered":"<p>Tipo de Uva &#8211; Chardonnay<br \/>\nSafra &#8211; 2021<br \/>\nGradua\u00e7\u00e3o Alco\u00f3lica &#8211; 12%<br \/>\nVolume &#8211; 750 ml<br \/>\nRegi\u00e3o &#8211; Flores da Cunha\/RS<br \/>\nVin\u00edcola &#8211; Salvattore<br \/>\nTipo &#8211; Vinho Fino Branco Seco<br \/>\nElabora\u00e7\u00e3o &#8211; Pequena parcela maturou 6 meses em carvalho franc\u00eas e tanques de a\u00e7o inoxid\u00e1vel sobre as borras. Ap\u00f3s mais 6 meses de est\u00e1gio em garrafa.<br \/>\nHarmoniza\u00e7\u00e3o &#8211; Recomendamos acompanhar queijos leves a medianos, risotos combinados, frutos do mar, sopas cremosas, carnes brancas e de condimento leve, pizzas e pastas recheadas.<br \/>\nVis\u00e3o &#8211;  Cor amarelo-palha com sutis reflexos esverdeados.<br \/>\nOlfato &#8211; N\u00edtido e marcante, destacam-se aromas que se assemelham a frutas tropicais de polpa amarela, flores silvestres, ma\u00e7a branca madura e abacaxi.<br \/>\nPaladar &#8211; Destaca-se a excepcional acidez, marcante e instigante, saboroso, com persist\u00eancia prolongada e muito agrad\u00e1vel.<\/p>\n","protected":false},"excerpt":{"rendered":"<p>Salvattore Reserva Chardonnay<\/p>\n","protected":false},"featured_media":11429,"comment_status":"open","ping_status":"closed","template":"","meta":[],"product_cat":[72],"product_tag":[],"_links":{"self":[{"href":"https:\/\/www.vivawines.com.br\/loja\/wp-json\/wp\/v2\/product\/11430"}],"collection":[{"href":"https:\/\/www.vivawines.com.br\/loja\/wp-json\/wp\/v2\/product"}],"about":[{"href":"https:\/\/www.vivawines.com.br\/loja\/wp-json\/wp\/v2\/types\/product"}],"replies":[{"embeddable":true,"href":"https:\/\/www.vivawines.com.br\/loja\/wp-json\/wp\/v2\/comments?post=11430"}],"wp:featuredmedia":[{"embeddable":true,"href":"https:\/\/www.vivawines.com.br\/loja\/wp-json\/wp\/v2\/media\/11429"}],"wp:attachment":[{"href":"https:\/\/www.vivawines.com.br\/loja\/wp-json\/wp\/v2\/media?parent=11430"}],"wp:term":[{"taxonomy":"product_cat","embeddable":true,"href":"https:\/\/www.vivawines.com.br\/loja\/wp-json\/wp\/v2\/product_cat?post=11430"},{"taxonomy":"product_tag","embeddable":true,"href":"https:\/\/www.vivawines.com.br\/loja\/wp-json\/wp\/v2\/product_tag?post=11430"}],"curies":[{"name":"wp","href":"https:\/\/api.w.org\/{rel}","templated":true}]}}