{"id":11440,"date":"2023-02-18T12:08:37","date_gmt":"2023-02-18T15:08:37","guid":{"rendered":"https:\/\/www.vivawines.com.br\/loja\/produto\/prd77501\/"},"modified":"2025-03-13T18:52:50","modified_gmt":"2025-03-13T21:52:50","slug":"prd77501","status":"publish","type":"product","link":"https:\/\/www.vivawines.com.br\/loja\/produto\/prd77501\/","title":{"rendered":"Chikiyam Red Blend"},"content":{"rendered":"<p>Tipo de Uva \u2013 Malbec, Syrah e Petit Verdot<br \/>\nSafra \u2013 2021<br \/>\nGradua\u00e7\u00e3o Alco\u00f3lica \u2013 13,3%<br \/>\nVolume \u2013 750 ml<br \/>\nRegi\u00e3o \u2013 Mendoza, Argentina<br \/>\nTipo \u2013 Vinho Fino Tinto Seco<br \/>\nElabora\u00e7\u00e3o \u2013 Sem passagem em barricas de carvalho.<br \/>\nHarmoniza\u00e7\u00e3o \u2013 Grelhados, assados, queijos intensos.<br \/>\nVis\u00e3o \u2013 Visualmente exibe roxo intenso.<br \/>\nOlfato \u2013 No olfato tem aromas de framboesa, ameixa, pimenta preta e notas sutis de baunilha.<br \/>\nPaladar \u2013 Apresenta uma entrada doce e amig\u00e1vel, de boa estrutura e acidez que d\u00e1 vida ao corte.<\/p>\n","protected":false},"excerpt":{"rendered":"<p>Chikiyam Red Blend<\/p>\n","protected":false},"featured_media":11439,"comment_status":"open","ping_status":"closed","template":"","meta":[],"product_cat":[72],"product_tag":[],"_links":{"self":[{"href":"https:\/\/www.vivawines.com.br\/loja\/wp-json\/wp\/v2\/product\/11440"}],"collection":[{"href":"https:\/\/www.vivawines.com.br\/loja\/wp-json\/wp\/v2\/product"}],"about":[{"href":"https:\/\/www.vivawines.com.br\/loja\/wp-json\/wp\/v2\/types\/product"}],"replies":[{"embeddable":true,"href":"https:\/\/www.vivawines.com.br\/loja\/wp-json\/wp\/v2\/comments?post=11440"}],"wp:featuredmedia":[{"embeddable":true,"href":"https:\/\/www.vivawines.com.br\/loja\/wp-json\/wp\/v2\/media\/11439"}],"wp:attachment":[{"href":"https:\/\/www.vivawines.com.br\/loja\/wp-json\/wp\/v2\/media?parent=11440"}],"wp:term":[{"taxonomy":"product_cat","embeddable":true,"href":"https:\/\/www.vivawines.com.br\/loja\/wp-json\/wp\/v2\/product_cat?post=11440"},{"taxonomy":"product_tag","embeddable":true,"href":"https:\/\/www.vivawines.com.br\/loja\/wp-json\/wp\/v2\/product_tag?post=11440"}],"curies":[{"name":"wp","href":"https:\/\/api.w.org\/{rel}","templated":true}]}}