{"id":11442,"date":"2023-02-18T12:08:39","date_gmt":"2023-02-18T15:08:39","guid":{"rendered":"https:\/\/www.vivawines.com.br\/loja\/produto\/prd77503\/"},"modified":"2025-03-13T18:52:52","modified_gmt":"2025-03-13T21:52:52","slug":"prd77503","status":"publish","type":"product","link":"https:\/\/www.vivawines.com.br\/loja\/produto\/prd77503\/","title":{"rendered":"Chikiyam Petit Verdot"},"content":{"rendered":"<p>Tipo de Uva \u2013 Petit Verdot<br \/>\nSafra \u2013 2020<br \/>\nGradua\u00e7\u00e3o Alco\u00f3lica \u2013 13,7%<br \/>\nVolume \u2013 750 ml<br \/>\nRegi\u00e3o \u2013 Mendoza, Argentina<br \/>\nTipo \u2013 Vinho Fino Tinto Seco<br \/>\nElabora\u00e7\u00e3o \u2013 Sem passagem em barricas de carvalho.<br \/>\nHarmoniza\u00e7\u00e3o \u2013 Carne de porco, picanha, costela etc.<br \/>\nVis\u00e3o \u2013 Cor vermelha violeta intensa.<br \/>\nOlfato \u2013 No olfato tem violetas e geleia de ameixa, com taninos firmes que garantem um final longo.<br \/>\nPaladar \u2013 Notas de frutas negras, amoras, especiarias e folhas de mentol.<\/p>\n","protected":false},"excerpt":{"rendered":"<p>Chikiyam Petit Verdot<\/p>\n","protected":false},"featured_media":11441,"comment_status":"open","ping_status":"closed","template":"","meta":[],"product_cat":[72],"product_tag":[],"_links":{"self":[{"href":"https:\/\/www.vivawines.com.br\/loja\/wp-json\/wp\/v2\/product\/11442"}],"collection":[{"href":"https:\/\/www.vivawines.com.br\/loja\/wp-json\/wp\/v2\/product"}],"about":[{"href":"https:\/\/www.vivawines.com.br\/loja\/wp-json\/wp\/v2\/types\/product"}],"replies":[{"embeddable":true,"href":"https:\/\/www.vivawines.com.br\/loja\/wp-json\/wp\/v2\/comments?post=11442"}],"wp:featuredmedia":[{"embeddable":true,"href":"https:\/\/www.vivawines.com.br\/loja\/wp-json\/wp\/v2\/media\/11441"}],"wp:attachment":[{"href":"https:\/\/www.vivawines.com.br\/loja\/wp-json\/wp\/v2\/media?parent=11442"}],"wp:term":[{"taxonomy":"product_cat","embeddable":true,"href":"https:\/\/www.vivawines.com.br\/loja\/wp-json\/wp\/v2\/product_cat?post=11442"},{"taxonomy":"product_tag","embeddable":true,"href":"https:\/\/www.vivawines.com.br\/loja\/wp-json\/wp\/v2\/product_tag?post=11442"}],"curies":[{"name":"wp","href":"https:\/\/api.w.org\/{rel}","templated":true}]}}