{"id":11444,"date":"2023-02-18T12:08:43","date_gmt":"2023-02-18T15:08:43","guid":{"rendered":"https:\/\/www.vivawines.com.br\/loja\/produto\/prd77543\/"},"modified":"2025-03-13T18:52:54","modified_gmt":"2025-03-13T21:52:54","slug":"prd77543","status":"publish","type":"product","link":"https:\/\/www.vivawines.com.br\/loja\/produto\/prd77543\/","title":{"rendered":"Georges Duboeuf La Cuve\u00e9 Rouge"},"content":{"rendered":"<p>Tipo de Uva \u2013 Grenache, Cinsault, Cabernet Sauvignon, Syrah, Carignan<br \/>\nSafra \u2013 n\u00e3o safrado.<br \/>\nGradua\u00e7\u00e3o Alco\u00f3lica \u2013 12,5%<br \/>\nVolume \u2013 750 ml<br \/>\nRegi\u00e3o \u2013 Beaujolais, Fran\u00e7a<br \/>\nTipo \u2013 Vinho Fino Tinto Seco<br \/>\nElabora\u00e7\u00e3o \u2013 Ap\u00f3s a fermenta\u00e7\u00e3o, o vinho \u00e9 imediatamente engarrafado.<br \/>\nHarmoniza\u00e7\u00e3o \u2013 Aperitivos em geral, carnes vermelhas pouco gordurosas, carnes brancas grelhadas.<br \/>\nVis\u00e3o \u2013 Cor vermelha rubi brilhante.<br \/>\nOlfato \u2013 Aroma frutado, lembrando frutas vermelhas frescas.<br \/>\nPaladar \u2013 Em boca, mostra-se um vinho leve e frutado, com \u00f3timo frescor e equil\u00edbrio.<\/p>\n","protected":false},"excerpt":{"rendered":"<p>Georges Duboeuf La Cuve\u00e9 Rouge<\/p>\n","protected":false},"featured_media":11443,"comment_status":"open","ping_status":"closed","template":"","meta":[],"product_cat":[72],"product_tag":[],"_links":{"self":[{"href":"https:\/\/www.vivawines.com.br\/loja\/wp-json\/wp\/v2\/product\/11444"}],"collection":[{"href":"https:\/\/www.vivawines.com.br\/loja\/wp-json\/wp\/v2\/product"}],"about":[{"href":"https:\/\/www.vivawines.com.br\/loja\/wp-json\/wp\/v2\/types\/product"}],"replies":[{"embeddable":true,"href":"https:\/\/www.vivawines.com.br\/loja\/wp-json\/wp\/v2\/comments?post=11444"}],"wp:featuredmedia":[{"embeddable":true,"href":"https:\/\/www.vivawines.com.br\/loja\/wp-json\/wp\/v2\/media\/11443"}],"wp:attachment":[{"href":"https:\/\/www.vivawines.com.br\/loja\/wp-json\/wp\/v2\/media?parent=11444"}],"wp:term":[{"taxonomy":"product_cat","embeddable":true,"href":"https:\/\/www.vivawines.com.br\/loja\/wp-json\/wp\/v2\/product_cat?post=11444"},{"taxonomy":"product_tag","embeddable":true,"href":"https:\/\/www.vivawines.com.br\/loja\/wp-json\/wp\/v2\/product_tag?post=11444"}],"curies":[{"name":"wp","href":"https:\/\/api.w.org\/{rel}","templated":true}]}}