{"id":11448,"date":"2023-02-18T12:08:50","date_gmt":"2023-02-18T15:08:50","guid":{"rendered":"https:\/\/www.vivawines.com.br\/loja\/produto\/prd77633\/"},"modified":"2025-03-13T18:52:56","modified_gmt":"2025-03-13T21:52:56","slug":"prd77633","status":"publish","type":"product","link":"https:\/\/www.vivawines.com.br\/loja\/produto\/prd77633\/","title":{"rendered":"Zanotto Syrah"},"content":{"rendered":"<p>Tipo de Uva \u2013 Syrah<br \/>\nSafra \u2013 2019<br \/>\nGradua\u00e7\u00e3o Alco\u00f3lica \u2013 12%<br \/>\nVolume \u2013 750 ml<br \/>\nRegi\u00e3o \u2013 Vacaria, RS<br \/>\nVin\u00edcola \u2013 Campestre<br \/>\nTipo \u2013 Vinho Fino Tinto Seco<br \/>\nElabora\u00e7\u00e3o \u2013 Sem passagens em barrica de carvalho.<br \/>\nHarmoniza\u00e7\u00e3o \u2013 Carnes vermelhas condimentadas, hamb\u00farguer e pratos apimentados.<br \/>\nVis\u00e3o \u2013 Apresenta tonalidade vermelha intensa, l\u00edmpido, brilhante.<br \/>\nOlfato \u2013 Aroma agrad\u00e1vel lembrando frutas negras, ameixa e chocolate.<br \/>\nPaladar \u2013 Sabor macio, leve, e robusto ao mesmo tempo de m\u00e9dia persist\u00eancia.<\/p>\n","protected":false},"excerpt":{"rendered":"<p>Zanotto Syrah<\/p>\n","protected":false},"featured_media":11447,"comment_status":"open","ping_status":"closed","template":"","meta":[],"product_cat":[72],"product_tag":[],"_links":{"self":[{"href":"https:\/\/www.vivawines.com.br\/loja\/wp-json\/wp\/v2\/product\/11448"}],"collection":[{"href":"https:\/\/www.vivawines.com.br\/loja\/wp-json\/wp\/v2\/product"}],"about":[{"href":"https:\/\/www.vivawines.com.br\/loja\/wp-json\/wp\/v2\/types\/product"}],"replies":[{"embeddable":true,"href":"https:\/\/www.vivawines.com.br\/loja\/wp-json\/wp\/v2\/comments?post=11448"}],"wp:featuredmedia":[{"embeddable":true,"href":"https:\/\/www.vivawines.com.br\/loja\/wp-json\/wp\/v2\/media\/11447"}],"wp:attachment":[{"href":"https:\/\/www.vivawines.com.br\/loja\/wp-json\/wp\/v2\/media?parent=11448"}],"wp:term":[{"taxonomy":"product_cat","embeddable":true,"href":"https:\/\/www.vivawines.com.br\/loja\/wp-json\/wp\/v2\/product_cat?post=11448"},{"taxonomy":"product_tag","embeddable":true,"href":"https:\/\/www.vivawines.com.br\/loja\/wp-json\/wp\/v2\/product_tag?post=11448"}],"curies":[{"name":"wp","href":"https:\/\/api.w.org\/{rel}","templated":true}]}}