{"id":11450,"date":"2023-02-18T12:08:53","date_gmt":"2023-02-18T15:08:53","guid":{"rendered":"https:\/\/www.vivawines.com.br\/loja\/produto\/prd77637\/"},"modified":"2025-06-09T20:08:43","modified_gmt":"2025-06-09T23:08:43","slug":"prd77637","status":"publish","type":"product","link":"https:\/\/www.vivawines.com.br\/loja\/produto\/prd77637\/","title":{"rendered":"Ideologia Cabernet Franc"},"content":{"rendered":"<p>Tipo de Uva \u2013 Cabernet Franc<br \/>\nSafra \u2013 2018<br \/>\nGradua\u00e7\u00e3o Alco\u00f3lica \u2013 13%<br \/>\nVolume \u2013 750 ml<br \/>\nRegi\u00e3o \u2013 Candiota, RS<br \/>\nTipo \u2013 Fino Tinto Seco<br \/>\nElabora\u00e7\u00e3o \u2013 Fermentado e maturado em tanques de a\u00e7o inox. Uma parte do vinho maturou em barricas de carvalho franc\u00eas por 6 meses.<br \/>\nHarmoniza\u00e7\u00e3o \u2013 Frutos do mar, comida japonesa.<br \/>\nVis\u00e3o \u2013 Cor vermelho rubi de baixa intensidade.<br \/>\nOlfato \u2013 Boa complexidade de aromas que lembram, especiarias, pimenta e frutas maduras, figo e bals\u00e2mico.<br \/>\nPaladar \u2013 Em boca \u00e9 macio, taninos m\u00e9dios, acidez equilibrada e de boa persist\u00eancia. Harmoniza com carnes vermelhas, massas, queijos e embutidos.<\/p>\n","protected":false},"excerpt":{"rendered":"<p>Ideologia Cabernet Franc<\/p>\n","protected":false},"featured_media":11449,"comment_status":"open","ping_status":"closed","template":"","meta":[],"product_cat":[72],"product_tag":[],"_links":{"self":[{"href":"https:\/\/www.vivawines.com.br\/loja\/wp-json\/wp\/v2\/product\/11450"}],"collection":[{"href":"https:\/\/www.vivawines.com.br\/loja\/wp-json\/wp\/v2\/product"}],"about":[{"href":"https:\/\/www.vivawines.com.br\/loja\/wp-json\/wp\/v2\/types\/product"}],"replies":[{"embeddable":true,"href":"https:\/\/www.vivawines.com.br\/loja\/wp-json\/wp\/v2\/comments?post=11450"}],"wp:featuredmedia":[{"embeddable":true,"href":"https:\/\/www.vivawines.com.br\/loja\/wp-json\/wp\/v2\/media\/11449"}],"wp:attachment":[{"href":"https:\/\/www.vivawines.com.br\/loja\/wp-json\/wp\/v2\/media?parent=11450"}],"wp:term":[{"taxonomy":"product_cat","embeddable":true,"href":"https:\/\/www.vivawines.com.br\/loja\/wp-json\/wp\/v2\/product_cat?post=11450"},{"taxonomy":"product_tag","embeddable":true,"href":"https:\/\/www.vivawines.com.br\/loja\/wp-json\/wp\/v2\/product_tag?post=11450"}],"curies":[{"name":"wp","href":"https:\/\/api.w.org\/{rel}","templated":true}]}}