{"id":11452,"date":"2023-02-18T12:08:55","date_gmt":"2023-02-18T15:08:55","guid":{"rendered":"https:\/\/www.vivawines.com.br\/loja\/produto\/prd77640\/"},"modified":"2025-03-13T18:53:00","modified_gmt":"2025-03-13T21:53:00","slug":"prd77640","status":"publish","type":"product","link":"https:\/\/www.vivawines.com.br\/loja\/produto\/prd77640\/","title":{"rendered":"Encontro Harmonia Blend"},"content":{"rendered":"<p>Tipo de Uva \u2013 50% Tannat, 30% Merlot e 20% Cabernet Sauvignon.<br \/>\nSafra \u2013 n\u00e3o safrado.<br \/>\nGradua\u00e7\u00e3o Alco\u00f3lica \u2013 12,8%<br \/>\nVolume \u2013 750 ml<br \/>\nRegi\u00e3o \u2013 Quatro Barras, PR<br \/>\nTipo \u2013 Fino Tinto Seco.<br \/>\nVin\u00edcola \u2013 Familia Fardo<br \/>\nElabora\u00e7\u00e3o \u2013 Fermentado e maturado em tanques de a\u00e7o inox.<br \/>\nHarmoniza\u00e7\u00e3o \u2013 Carnes assadas, T-Bone e massas ao molho bolonhesa.<br \/>\nVis\u00e3o \u2013 Vermelho vivo.<br \/>\nOlfato \u2013 O corte das uvas proporciona uma grande riqueza de sensa\u00e7\u00f5es que desafia nossos sentidos, convidativo e desafiador, com destaque para notas terrosas, frutas em compota e especiarias finas.<br \/>\nPaladar \u2013 Vinho de boa estrutura e persist\u00eancia em boca.<\/p>\n","protected":false},"excerpt":{"rendered":"<p>Encontro Harmonia Blend<\/p>\n","protected":false},"featured_media":11451,"comment_status":"open","ping_status":"closed","template":"","meta":[],"product_cat":[72],"product_tag":[],"_links":{"self":[{"href":"https:\/\/www.vivawines.com.br\/loja\/wp-json\/wp\/v2\/product\/11452"}],"collection":[{"href":"https:\/\/www.vivawines.com.br\/loja\/wp-json\/wp\/v2\/product"}],"about":[{"href":"https:\/\/www.vivawines.com.br\/loja\/wp-json\/wp\/v2\/types\/product"}],"replies":[{"embeddable":true,"href":"https:\/\/www.vivawines.com.br\/loja\/wp-json\/wp\/v2\/comments?post=11452"}],"wp:featuredmedia":[{"embeddable":true,"href":"https:\/\/www.vivawines.com.br\/loja\/wp-json\/wp\/v2\/media\/11451"}],"wp:attachment":[{"href":"https:\/\/www.vivawines.com.br\/loja\/wp-json\/wp\/v2\/media?parent=11452"}],"wp:term":[{"taxonomy":"product_cat","embeddable":true,"href":"https:\/\/www.vivawines.com.br\/loja\/wp-json\/wp\/v2\/product_cat?post=11452"},{"taxonomy":"product_tag","embeddable":true,"href":"https:\/\/www.vivawines.com.br\/loja\/wp-json\/wp\/v2\/product_tag?post=11452"}],"curies":[{"name":"wp","href":"https:\/\/api.w.org\/{rel}","templated":true}]}}