{"id":11456,"date":"2023-02-18T12:08:59","date_gmt":"2023-02-18T15:08:59","guid":{"rendered":"https:\/\/www.vivawines.com.br\/loja\/produto\/prd77649\/"},"modified":"2025-03-13T18:53:04","modified_gmt":"2025-03-13T21:53:04","slug":"prd77649","status":"publish","type":"product","link":"https:\/\/www.vivawines.com.br\/loja\/produto\/prd77649\/","title":{"rendered":"Domaine Bousquet Premium Cabernet Sauvignon"},"content":{"rendered":"<p>Tipo de Uva \u2013 100% Cabernet Sauvignon Org\u00e2nica<br \/>\nSafra \u2013 2018<br \/>\nGradua\u00e7\u00e3o Alco\u00f3lica \u2013 14,8%<br \/>\nVolume \u2013 750 ml<br \/>\nRegi\u00e3o \u2013 Tupungato Uco Valley, Mendoza, Argentina<br \/>\nTipo \u2013 Vinho Fino Tinto Seco<br \/>\nElabora\u00e7\u00e3o \u2013 Sem passagem em barricas de carvalho.<br \/>\nHarmoniza\u00e7\u00e3o \u2013 Acompanha bem carnes vermelhas, molhos, queijos e massas.<br \/>\nVis\u00e3o \u2013 Cor rubi escura.<br \/>\nOlfato \u2013 Notas intensas de frutos vermelhos misturados com notas minerais e especiarias.<br \/>\nPaladar \u2013 O paladar \u00e9 repleto de sabores de frutas vermelhas e pretas concentradas maduras com notas de pimenta preta e notas minerais.<\/p>\n<p>* As safras org\u00e2nicas s\u00e3o cultivadas em harmonia com a natureza, sem o uso de produtos qu\u00edmicos como pesticidas, herbicidas e fertilizantes. A agricultura org\u00e2nica usa fertilizantes naturais, como composto.<\/p>\n","protected":false},"excerpt":{"rendered":"<p>Domaine Bousquet Premium Cabernet Sauvignon<\/p>\n","protected":false},"featured_media":11455,"comment_status":"open","ping_status":"closed","template":"","meta":[],"product_cat":[72],"product_tag":[],"_links":{"self":[{"href":"https:\/\/www.vivawines.com.br\/loja\/wp-json\/wp\/v2\/product\/11456"}],"collection":[{"href":"https:\/\/www.vivawines.com.br\/loja\/wp-json\/wp\/v2\/product"}],"about":[{"href":"https:\/\/www.vivawines.com.br\/loja\/wp-json\/wp\/v2\/types\/product"}],"replies":[{"embeddable":true,"href":"https:\/\/www.vivawines.com.br\/loja\/wp-json\/wp\/v2\/comments?post=11456"}],"wp:featuredmedia":[{"embeddable":true,"href":"https:\/\/www.vivawines.com.br\/loja\/wp-json\/wp\/v2\/media\/11455"}],"wp:attachment":[{"href":"https:\/\/www.vivawines.com.br\/loja\/wp-json\/wp\/v2\/media?parent=11456"}],"wp:term":[{"taxonomy":"product_cat","embeddable":true,"href":"https:\/\/www.vivawines.com.br\/loja\/wp-json\/wp\/v2\/product_cat?post=11456"},{"taxonomy":"product_tag","embeddable":true,"href":"https:\/\/www.vivawines.com.br\/loja\/wp-json\/wp\/v2\/product_tag?post=11456"}],"curies":[{"name":"wp","href":"https:\/\/api.w.org\/{rel}","templated":true}]}}