{"id":11504,"date":"2023-02-21T21:52:12","date_gmt":"2023-02-22T00:52:12","guid":{"rendered":"https:\/\/www.vivawines.com.br\/loja\/produto\/prd77951\/"},"modified":"2025-03-13T18:53:45","modified_gmt":"2025-03-13T21:53:45","slug":"prd77951","status":"publish","type":"product","link":"https:\/\/www.vivawines.com.br\/loja\/produto\/prd77951\/","title":{"rendered":"Valdemiz Reserva VAL13"},"content":{"rendered":"<p>Tipo de Uva \u2013 Merlot e Tannat<br \/>\nSafra \u2013 2018<br \/>\nGradua\u00e7\u00e3o Alco\u00f3lica \u2013 12%<br \/>\nVolume \u2013 750 ml<br \/>\nRegi\u00e3o \u2013 Flores da Cunha, RS<br \/>\nVin\u00edcola Monte Reale<br \/>\nTipo \u2013 Fino Tinto Seco<br \/>\nElabora\u00e7\u00e3o \u2013 10 meses em barricas de carvalho.<br \/>\nHarmoniza\u00e7\u00e3o \u2013 Aves, Carnes, Sobremesas, Massas, Peixes, T\u00edpicos, Risotos.<br \/>\nVis\u00e3o \u2013 A colora\u00e7\u00e3o vermelho rubi \u00e9 intensa.<br \/>\nOlfato \u2013 Exalta aromas frutados, com toques de frutas vermelhas e menta, em equil\u00edbrio com notas intrigantes provenientes do carvalho.<br \/>\nPaladar \u2013 Apresenta acidez equilibrada, excelente volume de boca, elevada estrutura e corpo. De boa persist\u00eancia gustativa, revela um retrogosto delicado com notas discretas de carvalho e figo em calda.<\/p>\n","protected":false},"excerpt":{"rendered":"<p>Valdemiz Reserva VAL13<\/p>\n","protected":false},"featured_media":11503,"comment_status":"open","ping_status":"closed","template":"","meta":[],"product_cat":[72],"product_tag":[],"_links":{"self":[{"href":"https:\/\/www.vivawines.com.br\/loja\/wp-json\/wp\/v2\/product\/11504"}],"collection":[{"href":"https:\/\/www.vivawines.com.br\/loja\/wp-json\/wp\/v2\/product"}],"about":[{"href":"https:\/\/www.vivawines.com.br\/loja\/wp-json\/wp\/v2\/types\/product"}],"replies":[{"embeddable":true,"href":"https:\/\/www.vivawines.com.br\/loja\/wp-json\/wp\/v2\/comments?post=11504"}],"wp:featuredmedia":[{"embeddable":true,"href":"https:\/\/www.vivawines.com.br\/loja\/wp-json\/wp\/v2\/media\/11503"}],"wp:attachment":[{"href":"https:\/\/www.vivawines.com.br\/loja\/wp-json\/wp\/v2\/media?parent=11504"}],"wp:term":[{"taxonomy":"product_cat","embeddable":true,"href":"https:\/\/www.vivawines.com.br\/loja\/wp-json\/wp\/v2\/product_cat?post=11504"},{"taxonomy":"product_tag","embeddable":true,"href":"https:\/\/www.vivawines.com.br\/loja\/wp-json\/wp\/v2\/product_tag?post=11504"}],"curies":[{"name":"wp","href":"https:\/\/api.w.org\/{rel}","templated":true}]}}