{"id":11528,"date":"2023-02-25T20:35:47","date_gmt":"2023-02-25T23:35:47","guid":{"rendered":"https:\/\/www.vivawines.com.br\/loja\/produto\/prd77974\/"},"modified":"2025-05-23T15:28:19","modified_gmt":"2025-05-23T18:28:19","slug":"prd77974","status":"publish","type":"product","link":"https:\/\/www.vivawines.com.br\/loja\/produto\/prd77974\/","title":{"rendered":"San Telmo Ros\u00e9 Blend"},"content":{"rendered":"<p>Tipo de Uva &#8211; Blend de uvas<br \/>\nSafra &#8211; 2022<br \/>\nGradua\u00e7\u00e3o Alco\u00f3lica &#8211; 13%<br \/>\nVolume &#8211; 750 ml<br \/>\nRegi\u00e3o &#8211; Mendoza, Argentina<br \/>\nTipo &#8211; Fino Ros\u00e9 Seco<br \/>\nElabora\u00e7\u00e3o &#8211; Fermenta e amadurece em tanques de inox<br \/>\nHarmoniza\u00e7\u00e3o &#8211; \u00c9 excelente para acompanhar frutos do mar, peixes e legumes grelhados.<br \/>\nVis\u00e3o &#8211;  Rosado<br \/>\nOlfato &#8211; No nariz \u00e9 complexo, com aroma muito frutado e notas de frutas vermelhas.<br \/>\nPaladar &#8211; Saboroso e fresco, com taninos suaves, acidez m\u00e9dia e corpo suave.<\/p>\n","protected":false},"excerpt":{"rendered":"<p>San Telmo Ros\u00e9 Blend<\/p>\n","protected":false},"featured_media":11527,"comment_status":"open","ping_status":"closed","template":"","meta":[],"product_cat":[72],"product_tag":[],"_links":{"self":[{"href":"https:\/\/www.vivawines.com.br\/loja\/wp-json\/wp\/v2\/product\/11528"}],"collection":[{"href":"https:\/\/www.vivawines.com.br\/loja\/wp-json\/wp\/v2\/product"}],"about":[{"href":"https:\/\/www.vivawines.com.br\/loja\/wp-json\/wp\/v2\/types\/product"}],"replies":[{"embeddable":true,"href":"https:\/\/www.vivawines.com.br\/loja\/wp-json\/wp\/v2\/comments?post=11528"}],"wp:featuredmedia":[{"embeddable":true,"href":"https:\/\/www.vivawines.com.br\/loja\/wp-json\/wp\/v2\/media\/11527"}],"wp:attachment":[{"href":"https:\/\/www.vivawines.com.br\/loja\/wp-json\/wp\/v2\/media?parent=11528"}],"wp:term":[{"taxonomy":"product_cat","embeddable":true,"href":"https:\/\/www.vivawines.com.br\/loja\/wp-json\/wp\/v2\/product_cat?post=11528"},{"taxonomy":"product_tag","embeddable":true,"href":"https:\/\/www.vivawines.com.br\/loja\/wp-json\/wp\/v2\/product_tag?post=11528"}],"curies":[{"name":"wp","href":"https:\/\/api.w.org\/{rel}","templated":true}]}}