{"id":11544,"date":"2023-03-05T11:02:15","date_gmt":"2023-03-05T14:02:15","guid":{"rendered":"https:\/\/www.vivawines.com.br\/loja\/produto\/prd77752\/"},"modified":"2025-03-13T18:53:59","modified_gmt":"2025-03-13T21:53:59","slug":"prd77752","status":"publish","type":"product","link":"https:\/\/www.vivawines.com.br\/loja\/produto\/prd77752\/","title":{"rendered":"Crios Malbec Ros\u00e9"},"content":{"rendered":"<p>Tipo de Uva \u2013 Malbec<br \/>\nSafra \u2013 2019<br \/>\nGradua\u00e7\u00e3o Alco\u00f3lica \u2013 14,5%<br \/>\nVolume \u2013 750 ml<br \/>\nRegi\u00e3o \u2013 Valle de Uco, Mendoza, Argentina<br \/>\nTipo \u2013 Vinho Fino Ros\u00e9 Seco<br \/>\nElabora\u00e7\u00e3o \u2013 Fermenta e amadurece em tanques de inox.<br \/>\nHarmoniza\u00e7\u00e3o \u2013 Frutos do mar, peixes e comida japonesa.<br \/>\nVis\u00e3o \u2013 Rubi claro<br \/>\nOlfato \u2013 Aroma refrescante com notas de frutas vermelhas como morango e groselha.<br \/>\nPaladar \u2013 Confirmando o aroma temos notas sutis de groselha e morango que desaparecem ao longe, em um final n\u00edtido e longo.<\/p>\n","protected":false},"excerpt":{"rendered":"<p>Crios Malbec Ros\u00e9<\/p>\n","protected":false},"featured_media":11543,"comment_status":"open","ping_status":"closed","template":"","meta":[],"product_cat":[72],"product_tag":[],"_links":{"self":[{"href":"https:\/\/www.vivawines.com.br\/loja\/wp-json\/wp\/v2\/product\/11544"}],"collection":[{"href":"https:\/\/www.vivawines.com.br\/loja\/wp-json\/wp\/v2\/product"}],"about":[{"href":"https:\/\/www.vivawines.com.br\/loja\/wp-json\/wp\/v2\/types\/product"}],"replies":[{"embeddable":true,"href":"https:\/\/www.vivawines.com.br\/loja\/wp-json\/wp\/v2\/comments?post=11544"}],"wp:featuredmedia":[{"embeddable":true,"href":"https:\/\/www.vivawines.com.br\/loja\/wp-json\/wp\/v2\/media\/11543"}],"wp:attachment":[{"href":"https:\/\/www.vivawines.com.br\/loja\/wp-json\/wp\/v2\/media?parent=11544"}],"wp:term":[{"taxonomy":"product_cat","embeddable":true,"href":"https:\/\/www.vivawines.com.br\/loja\/wp-json\/wp\/v2\/product_cat?post=11544"},{"taxonomy":"product_tag","embeddable":true,"href":"https:\/\/www.vivawines.com.br\/loja\/wp-json\/wp\/v2\/product_tag?post=11544"}],"curies":[{"name":"wp","href":"https:\/\/api.w.org\/{rel}","templated":true}]}}