{"id":11570,"date":"2023-03-09T17:47:04","date_gmt":"2023-03-09T20:47:04","guid":{"rendered":"https:\/\/www.vivawines.com.br\/loja\/produto\/prd78013\/"},"modified":"2025-07-20T20:03:01","modified_gmt":"2025-07-20T23:03:01","slug":"prd78013","status":"publish","type":"product","link":"https:\/\/www.vivawines.com.br\/loja\/produto\/prd78013\/","title":{"rendered":"Gabbia Doro Primitivo IGT Puglia"},"content":{"rendered":"<p>Tipo de Uva \u2013 Primitivo<br \/>\nSafra \u2013 2019<br \/>\nGradua\u00e7\u00e3o Alco\u00f3lica \u2013 13,5%<br \/>\nVolume \u2013 750 ml<br \/>\nRegi\u00e3o \u2013 Puglia, It\u00e1lia<br \/>\nTipo \u2013 Vinho Fino Tinto Seco<br \/>\nElabora\u00e7\u00e3o \u2013 Sem passagem em barricas.<br \/>\nHarmoniza\u00e7\u00e3o \u2013 Pizzas, carnes vermelhas.<br \/>\nVis\u00e3o &#8211; Vermelho profundo.<br \/>\nOlfato \u2013  Aroma complexo de frutos vermelhas maduras.<br \/>\nPaladar \u2013 Vinho de bom corpo, acidez m\u00e9dia.<\/p>\n","protected":false},"excerpt":{"rendered":"<p>Gabbia Doro Primitivo IGT Puglia<\/p>\n","protected":false},"featured_media":11569,"comment_status":"open","ping_status":"closed","template":"","meta":[],"product_cat":[72],"product_tag":[],"_links":{"self":[{"href":"https:\/\/www.vivawines.com.br\/loja\/wp-json\/wp\/v2\/product\/11570"}],"collection":[{"href":"https:\/\/www.vivawines.com.br\/loja\/wp-json\/wp\/v2\/product"}],"about":[{"href":"https:\/\/www.vivawines.com.br\/loja\/wp-json\/wp\/v2\/types\/product"}],"replies":[{"embeddable":true,"href":"https:\/\/www.vivawines.com.br\/loja\/wp-json\/wp\/v2\/comments?post=11570"}],"wp:featuredmedia":[{"embeddable":true,"href":"https:\/\/www.vivawines.com.br\/loja\/wp-json\/wp\/v2\/media\/11569"}],"wp:attachment":[{"href":"https:\/\/www.vivawines.com.br\/loja\/wp-json\/wp\/v2\/media?parent=11570"}],"wp:term":[{"taxonomy":"product_cat","embeddable":true,"href":"https:\/\/www.vivawines.com.br\/loja\/wp-json\/wp\/v2\/product_cat?post=11570"},{"taxonomy":"product_tag","embeddable":true,"href":"https:\/\/www.vivawines.com.br\/loja\/wp-json\/wp\/v2\/product_tag?post=11570"}],"curies":[{"name":"wp","href":"https:\/\/api.w.org\/{rel}","templated":true}]}}