{"id":11576,"date":"2023-03-09T17:55:04","date_gmt":"2023-03-09T20:55:04","guid":{"rendered":"https:\/\/www.vivawines.com.br\/loja\/produto\/prdv419\/"},"modified":"2025-03-13T18:54:09","modified_gmt":"2025-03-13T21:54:09","slug":"prdv419","status":"publish","type":"product","link":"https:\/\/www.vivawines.com.br\/loja\/produto\/prdv419\/","title":{"rendered":"Cantine Atesine Teroldego Vigneti"},"content":{"rendered":"<p>Tipo de Uva &#8211; Teroldego<br \/>\nSafra &#8211; 2019<br \/>\nGradua\u00e7\u00e3o Alco\u00f3lica &#8211; 12,5%<br \/>\nVolume &#8211; 750 ml<br \/>\nRegi\u00e3o &#8211; Trentino,  It\u00e1lia<br \/>\nTipo &#8211; Vinho Fino Tinto Seco<br \/>\nElabora\u00e7\u00e3o &#8211; T\u00edpico processo para fazer vinho tinto, com longa macera\u00e7\u00e3o das cascas. O vinho \u00e9 envelhecido em tanque de a\u00e7o inoxid\u00e1vel e parcialmente em barril de carvalho franc\u00eas.<br \/>\nHarmoniza\u00e7\u00e3o &#8211; Carne vermelha assada, carnes grelhadas e queijos saborosos fortes.<br \/>\nVis\u00e3o &#8211; Vermelho rubi.<br \/>\nOlfato &#8211; Frutado e florido ao nariz com um toque de especiarias.<br \/>\nPaladar &#8211; Balanceado no paladar, encorpado e envolvente.<\/p>\n","protected":false},"excerpt":{"rendered":"<p>Cantine Atesine Teroldego Vigneti<\/p>\n","protected":false},"featured_media":11575,"comment_status":"open","ping_status":"closed","template":"","meta":[],"product_cat":[72],"product_tag":[],"_links":{"self":[{"href":"https:\/\/www.vivawines.com.br\/loja\/wp-json\/wp\/v2\/product\/11576"}],"collection":[{"href":"https:\/\/www.vivawines.com.br\/loja\/wp-json\/wp\/v2\/product"}],"about":[{"href":"https:\/\/www.vivawines.com.br\/loja\/wp-json\/wp\/v2\/types\/product"}],"replies":[{"embeddable":true,"href":"https:\/\/www.vivawines.com.br\/loja\/wp-json\/wp\/v2\/comments?post=11576"}],"wp:featuredmedia":[{"embeddable":true,"href":"https:\/\/www.vivawines.com.br\/loja\/wp-json\/wp\/v2\/media\/11575"}],"wp:attachment":[{"href":"https:\/\/www.vivawines.com.br\/loja\/wp-json\/wp\/v2\/media?parent=11576"}],"wp:term":[{"taxonomy":"product_cat","embeddable":true,"href":"https:\/\/www.vivawines.com.br\/loja\/wp-json\/wp\/v2\/product_cat?post=11576"},{"taxonomy":"product_tag","embeddable":true,"href":"https:\/\/www.vivawines.com.br\/loja\/wp-json\/wp\/v2\/product_tag?post=11576"}],"curies":[{"name":"wp","href":"https:\/\/api.w.org\/{rel}","templated":true}]}}