{"id":11580,"date":"2023-03-09T18:17:13","date_gmt":"2023-03-09T21:17:13","guid":{"rendered":"https:\/\/www.vivawines.com.br\/loja\/produto\/prd78225\/"},"modified":"2025-03-13T18:54:11","modified_gmt":"2025-03-13T21:54:11","slug":"prd78225","status":"publish","type":"product","link":"https:\/\/www.vivawines.com.br\/loja\/produto\/prd78225\/","title":{"rendered":"Cantine Atesine Pinot Grigio Vigneti Delle Dolomiti IGT"},"content":{"rendered":"<p>Tipo de Uva \u2013 Pinot Grigio<br \/>\nSafra \u2013 2020<br \/>\nGradua\u00e7\u00e3o Alco\u00f3lica \u2013 12,5%<br \/>\nVolume \u2013 750 ml<br \/>\nRegi\u00e3o \u2013 Tirol do Sul, It\u00e1lia<br \/>\nTipo \u2013 Vinho Fino Branco Seco<br \/>\nElabora\u00e7\u00e3o \u2013 As uvas sofrem o desgace e s\u00e3o gentilmente pressionadas, a fermenta\u00e7\u00e3o acontece em temperatura controlada.<br \/>\nHarmoniza\u00e7\u00e3o \u2013 Peixe, t\u00e1bua de frios e carnes brancas.<br \/>\nVis\u00e3o \u2013 Palha amarela.<br \/>\nOlfato \u2013 Frutado e florido ao nariz, com notas de pera e ac\u00e1cia.<br \/>\nPaladar \u2013 Seca, refrescante e mineral.<\/p>\n","protected":false},"excerpt":{"rendered":"<p>Cantine Atesine Pinot Grigio Vigneti Delle Dolomiti IGT<\/p>\n","protected":false},"featured_media":11579,"comment_status":"open","ping_status":"closed","template":"","meta":[],"product_cat":[72],"product_tag":[],"_links":{"self":[{"href":"https:\/\/www.vivawines.com.br\/loja\/wp-json\/wp\/v2\/product\/11580"}],"collection":[{"href":"https:\/\/www.vivawines.com.br\/loja\/wp-json\/wp\/v2\/product"}],"about":[{"href":"https:\/\/www.vivawines.com.br\/loja\/wp-json\/wp\/v2\/types\/product"}],"replies":[{"embeddable":true,"href":"https:\/\/www.vivawines.com.br\/loja\/wp-json\/wp\/v2\/comments?post=11580"}],"wp:featuredmedia":[{"embeddable":true,"href":"https:\/\/www.vivawines.com.br\/loja\/wp-json\/wp\/v2\/media\/11579"}],"wp:attachment":[{"href":"https:\/\/www.vivawines.com.br\/loja\/wp-json\/wp\/v2\/media?parent=11580"}],"wp:term":[{"taxonomy":"product_cat","embeddable":true,"href":"https:\/\/www.vivawines.com.br\/loja\/wp-json\/wp\/v2\/product_cat?post=11580"},{"taxonomy":"product_tag","embeddable":true,"href":"https:\/\/www.vivawines.com.br\/loja\/wp-json\/wp\/v2\/product_tag?post=11580"}],"curies":[{"name":"wp","href":"https:\/\/api.w.org\/{rel}","templated":true}]}}