{"id":11683,"date":"2023-04-13T19:06:42","date_gmt":"2023-04-13T22:06:42","guid":{"rendered":"https:\/\/www.vivawines.com.br\/loja\/produto\/prd77876\/"},"modified":"2025-07-31T19:52:03","modified_gmt":"2025-07-31T22:52:03","slug":"prd77876","status":"publish","type":"product","link":"https:\/\/www.vivawines.com.br\/loja\/produto\/prd77876\/","title":{"rendered":"Salvattore Cl\u00e1ssico Merlot"},"content":{"rendered":"<p>Tipo de Uva \u2013 Merlot<br \/>\nSafra \u2013 2021<br \/>\nGradua\u00e7\u00e3o Alco\u00f3lica \u2013 12,4%<br \/>\nVolume \u2013 750 ml<br \/>\nRegi\u00e3o \u2013 Flores da Cunha, RS<br \/>\nTipo \u2013 Vinho Fino Tinto Seco<br \/>\nElabora\u00e7\u00e3o \u2013 60% envelhecido 7 meses em carvalho franc\u00eas de 1\u00ba e 2\u00ba uso e Tostagem m\u00e9dia. Outros 40% em tanques de a\u00e7o inox.<br \/>\nHarmoniza\u00e7\u00e3o \u2013 Queijos brandos, carne vermelha e ca\u00e7a, peixes assados, massas com recheio e pizza. Tratando-se de um vinho leve, pode ser harmonizado com pratos do dia-a-dia.<br \/>\nVis\u00e3o \u2013 Cor rubi, brilhante.<br \/>\nOlfato \u2013 De perfume delicado e jovial, lembra notas arom\u00e1ticas como cereja, ameixa, violetas e leve mentolado.<br \/>\nPaladar \u2013 Apresenta-se corpo pleno, saboroso onde se destaca os taninos macios e delicados, com retrogosto longo e correto.<\/p>\n","protected":false},"excerpt":{"rendered":"<p>Salvattore Cl\u00e1ssico Merlot<\/p>\n","protected":false},"featured_media":11682,"comment_status":"open","ping_status":"closed","template":"","meta":[],"product_cat":[72],"product_tag":[],"_links":{"self":[{"href":"https:\/\/www.vivawines.com.br\/loja\/wp-json\/wp\/v2\/product\/11683"}],"collection":[{"href":"https:\/\/www.vivawines.com.br\/loja\/wp-json\/wp\/v2\/product"}],"about":[{"href":"https:\/\/www.vivawines.com.br\/loja\/wp-json\/wp\/v2\/types\/product"}],"replies":[{"embeddable":true,"href":"https:\/\/www.vivawines.com.br\/loja\/wp-json\/wp\/v2\/comments?post=11683"}],"wp:featuredmedia":[{"embeddable":true,"href":"https:\/\/www.vivawines.com.br\/loja\/wp-json\/wp\/v2\/media\/11682"}],"wp:attachment":[{"href":"https:\/\/www.vivawines.com.br\/loja\/wp-json\/wp\/v2\/media?parent=11683"}],"wp:term":[{"taxonomy":"product_cat","embeddable":true,"href":"https:\/\/www.vivawines.com.br\/loja\/wp-json\/wp\/v2\/product_cat?post=11683"},{"taxonomy":"product_tag","embeddable":true,"href":"https:\/\/www.vivawines.com.br\/loja\/wp-json\/wp\/v2\/product_tag?post=11683"}],"curies":[{"name":"wp","href":"https:\/\/api.w.org\/{rel}","templated":true}]}}