{"id":11687,"date":"2023-04-13T19:07:18","date_gmt":"2023-04-13T22:07:18","guid":{"rendered":"https:\/\/www.vivawines.com.br\/loja\/produto\/prdv549\/"},"modified":"2025-03-13T18:54:28","modified_gmt":"2025-03-13T21:54:28","slug":"prdv549","status":"publish","type":"product","link":"https:\/\/www.vivawines.com.br\/loja\/produto\/prdv549\/","title":{"rendered":"La Puerta Cl\u00e1ssico Malbec"},"content":{"rendered":"<p>Tipo de Uva &#8211; Malbec<br \/>\nSafra &#8211; 2020<br \/>\nGradua\u00e7\u00e3o Alco\u00f3lica &#8211; 13,50%<br \/>\nVolume &#8211; 750 ml<br \/>\nRegi\u00e3o &#8211; La Rioja, Argentina.<br \/>\nTipo &#8211; Fino Tinto Seco<br \/>\nElabora\u00e7\u00e3o &#8211; Vinho jovem, sem passagem por barrica de carvalho. As videiras s\u00e3o cultivadas a 900m do n\u00edvel do mar, numa regi\u00e3o des\u00e9rtica e 100% irrigadas com \u00e1gua de desgelo do Monte Famatina.<br \/>\nHarmoniza\u00e7\u00e3o &#8211; Carnes Vermelhas.<br \/>\nVis\u00e3o &#8211;  Cor vermelho intenso.<br \/>\nOlfato &#8211; Aromas de ameixa madura e notas sutis de violeta.<br \/>\nPaladar &#8211; Na boca ressalta taninos suaves e doces acompanhado por sabores que lembram cereja. Equilibrado e com final persistente.<\/p>\n","protected":false},"excerpt":{"rendered":"<p>La Puerta Cl\u00e1ssico Malbec<\/p>\n","protected":false},"featured_media":11686,"comment_status":"open","ping_status":"closed","template":"","meta":[],"product_cat":[72],"product_tag":[],"_links":{"self":[{"href":"https:\/\/www.vivawines.com.br\/loja\/wp-json\/wp\/v2\/product\/11687"}],"collection":[{"href":"https:\/\/www.vivawines.com.br\/loja\/wp-json\/wp\/v2\/product"}],"about":[{"href":"https:\/\/www.vivawines.com.br\/loja\/wp-json\/wp\/v2\/types\/product"}],"replies":[{"embeddable":true,"href":"https:\/\/www.vivawines.com.br\/loja\/wp-json\/wp\/v2\/comments?post=11687"}],"wp:featuredmedia":[{"embeddable":true,"href":"https:\/\/www.vivawines.com.br\/loja\/wp-json\/wp\/v2\/media\/11686"}],"wp:attachment":[{"href":"https:\/\/www.vivawines.com.br\/loja\/wp-json\/wp\/v2\/media?parent=11687"}],"wp:term":[{"taxonomy":"product_cat","embeddable":true,"href":"https:\/\/www.vivawines.com.br\/loja\/wp-json\/wp\/v2\/product_cat?post=11687"},{"taxonomy":"product_tag","embeddable":true,"href":"https:\/\/www.vivawines.com.br\/loja\/wp-json\/wp\/v2\/product_tag?post=11687"}],"curies":[{"name":"wp","href":"https:\/\/api.w.org\/{rel}","templated":true}]}}