{"id":11717,"date":"2023-05-04T15:49:38","date_gmt":"2023-05-04T18:49:38","guid":{"rendered":"https:\/\/www.vivawines.com.br\/loja\/produto\/prd77690\/"},"modified":"2025-03-13T18:54:37","modified_gmt":"2025-03-13T21:54:37","slug":"prd77690","status":"publish","type":"product","link":"https:\/\/www.vivawines.com.br\/loja\/produto\/prd77690\/","title":{"rendered":"Salvattore Cl\u00e1ssico Cabernet Franc"},"content":{"rendered":"<p>Tipo de Uva \u2013 Cabernet Franc<br \/>\nSafra \u2013 2021<br \/>\nGradua\u00e7\u00e3o Alco\u00f3lica \u2013 12,5%<br \/>\nVolume \u2013 750 ml<br \/>\nRegi\u00e3o \u2013 Flores da Cunha, RS<br \/>\nVin\u00edcola \u2013 Salvattore<br \/>\nTipo \u2013 Vinho Fino Tinto Seco<br \/>\nElabora\u00e7\u00e3o \u2013 50% do vinho \u00e9 envelhecido 8 meses em barrica de carvalho franc\u00eas e 50% estagia em tanques de inox.<br \/>\nHarmoniza\u00e7\u00e3o \u2013 Pizzas, massas em geral, carnes vermelhas e queijos m\u00e9dios.<br \/>\nVis\u00e3o \u2013 Rubi<br \/>\nOlfato \u2013 Notas de pimenta negra, cereja em calda, canela, especiarias e baunilha.<br \/>\nPaladar \u2013 Corpo m\u00e9dio, delicado e macio, taninos integrados ao vinho com retrogosto longo.<\/p>\n","protected":false},"excerpt":{"rendered":"<p>Salvattore Cl\u00e1ssico Cabernet Franc<\/p>\n","protected":false},"featured_media":11716,"comment_status":"open","ping_status":"closed","template":"","meta":[],"product_cat":[72],"product_tag":[],"_links":{"self":[{"href":"https:\/\/www.vivawines.com.br\/loja\/wp-json\/wp\/v2\/product\/11717"}],"collection":[{"href":"https:\/\/www.vivawines.com.br\/loja\/wp-json\/wp\/v2\/product"}],"about":[{"href":"https:\/\/www.vivawines.com.br\/loja\/wp-json\/wp\/v2\/types\/product"}],"replies":[{"embeddable":true,"href":"https:\/\/www.vivawines.com.br\/loja\/wp-json\/wp\/v2\/comments?post=11717"}],"wp:featuredmedia":[{"embeddable":true,"href":"https:\/\/www.vivawines.com.br\/loja\/wp-json\/wp\/v2\/media\/11716"}],"wp:attachment":[{"href":"https:\/\/www.vivawines.com.br\/loja\/wp-json\/wp\/v2\/media?parent=11717"}],"wp:term":[{"taxonomy":"product_cat","embeddable":true,"href":"https:\/\/www.vivawines.com.br\/loja\/wp-json\/wp\/v2\/product_cat?post=11717"},{"taxonomy":"product_tag","embeddable":true,"href":"https:\/\/www.vivawines.com.br\/loja\/wp-json\/wp\/v2\/product_tag?post=11717"}],"curies":[{"name":"wp","href":"https:\/\/api.w.org\/{rel}","templated":true}]}}