{"id":11719,"date":"2023-05-04T15:49:50","date_gmt":"2023-05-04T18:49:50","guid":{"rendered":"https:\/\/www.vivawines.com.br\/loja\/produto\/prd78004\/"},"modified":"2025-10-01T20:40:39","modified_gmt":"2025-10-01T23:40:39","slug":"prd78004","status":"publish","type":"product","link":"https:\/\/www.vivawines.com.br\/loja\/produto\/prd78004\/","title":{"rendered":"Salvattore Reserva Alicante Bouschet"},"content":{"rendered":"<p>Tipo de Uva \u2013 100% Alicante Bouschet<br \/>\nSafra \u2013 2020<br \/>\nGradua\u00e7\u00e3o Alco\u00f3lica \u2013 12,9%<br \/>\nVolume \u2013 750 ml<br \/>\nRegi\u00e3o \u2013 Flores da Cunha\/RS<br \/>\nVin\u00edcola \u2013 Salvattore<br \/>\nTipo \u2013 Vinho Fino Tinto Seco<br \/>\nElabora\u00e7\u00e3o \u2013 Est\u00e1gio 12 meses em carvalho Americano e 12 meses em cave climatizada.<br \/>\nHarmoniza\u00e7\u00e3o \u2013  Acompanham queijos fortes e maturados, carnes vermelhas marmorizadas, grelhadas ou assadas, carnes de ca\u00e7a e especiais, massa com condimentos potentes e estruturados.<br \/>\nVis\u00e3o \u2013 Cor violeta intenso, com toques vermelho escuros.<br \/>\nOlfato \u2013 Seus aromas instigantes denotam descritores que lembram geleia de frutas negras, ameixa seca, figo em calda, especiarias diversas e delicado nota de mentol.<br \/>\nPaladar \u2013 Entrada de boca potente, mostra-se untuoso pelos taninos potentes em equil\u00edbrio com acidez que lhe d\u00e1 vida, marcando o fim de boca de forma longa e intensa.<\/p>\n","protected":false},"excerpt":{"rendered":"<p>Salvattore Reserva Alicante Bouschet<\/p>\n","protected":false},"featured_media":11718,"comment_status":"open","ping_status":"closed","template":"","meta":[],"product_cat":[72],"product_tag":[],"_links":{"self":[{"href":"https:\/\/www.vivawines.com.br\/loja\/wp-json\/wp\/v2\/product\/11719"}],"collection":[{"href":"https:\/\/www.vivawines.com.br\/loja\/wp-json\/wp\/v2\/product"}],"about":[{"href":"https:\/\/www.vivawines.com.br\/loja\/wp-json\/wp\/v2\/types\/product"}],"replies":[{"embeddable":true,"href":"https:\/\/www.vivawines.com.br\/loja\/wp-json\/wp\/v2\/comments?post=11719"}],"wp:featuredmedia":[{"embeddable":true,"href":"https:\/\/www.vivawines.com.br\/loja\/wp-json\/wp\/v2\/media\/11718"}],"wp:attachment":[{"href":"https:\/\/www.vivawines.com.br\/loja\/wp-json\/wp\/v2\/media?parent=11719"}],"wp:term":[{"taxonomy":"product_cat","embeddable":true,"href":"https:\/\/www.vivawines.com.br\/loja\/wp-json\/wp\/v2\/product_cat?post=11719"},{"taxonomy":"product_tag","embeddable":true,"href":"https:\/\/www.vivawines.com.br\/loja\/wp-json\/wp\/v2\/product_tag?post=11719"}],"curies":[{"name":"wp","href":"https:\/\/api.w.org\/{rel}","templated":true}]}}