{"id":11783,"date":"2023-05-28T19:40:36","date_gmt":"2023-05-28T22:40:36","guid":{"rendered":"https:\/\/www.vivawines.com.br\/loja\/produto\/prd78247\/"},"modified":"2025-05-11T20:41:50","modified_gmt":"2025-05-11T23:41:50","slug":"prd78247","status":"publish","type":"product","link":"https:\/\/www.vivawines.com.br\/loja\/produto\/prd78247\/","title":{"rendered":"Punto Maximo Gran Reserva Syrah"},"content":{"rendered":"<p>Tipo de Uva &#8211; Syrah<br \/>\nSafra &#8211; 2016<br \/>\nGradua\u00e7\u00e3o Alco\u00f3lica &#8211; 13,5%<br \/>\nVolume &#8211; Valle Conc\u00e1gua, Chile 50 ml<br \/>\nRegi\u00e3o &#8211; Valle Central, Chile<br \/>\nTipo &#8211; Vinho Fino Tinto Seco<br \/>\nElabora\u00e7\u00e3o &#8211; 12 meses em barril de carvalho franc\u00eas de primeiro uso.<br \/>\nHarmoniza\u00e7\u00e3o &#8211; Carnes de ca\u00e7a, hamburguer e chocolate amargo.<br \/>\nVis\u00e3o &#8211; Rubi intenso.<br \/>\nOlfato &#8211; Frutas vermelhas, figos secos e frutos maduros.<br \/>\nPaladar &#8211; Taninos suaves e com grande volume frutas vermelhas, com fortes toques de baunilha e tabaco.<\/p>\n","protected":false},"excerpt":{"rendered":"<p>Punto Maximo Gran Reserva Syrah<\/p>\n","protected":false},"featured_media":11782,"comment_status":"open","ping_status":"closed","template":"","meta":[],"product_cat":[72],"product_tag":[],"_links":{"self":[{"href":"https:\/\/www.vivawines.com.br\/loja\/wp-json\/wp\/v2\/product\/11783"}],"collection":[{"href":"https:\/\/www.vivawines.com.br\/loja\/wp-json\/wp\/v2\/product"}],"about":[{"href":"https:\/\/www.vivawines.com.br\/loja\/wp-json\/wp\/v2\/types\/product"}],"replies":[{"embeddable":true,"href":"https:\/\/www.vivawines.com.br\/loja\/wp-json\/wp\/v2\/comments?post=11783"}],"wp:featuredmedia":[{"embeddable":true,"href":"https:\/\/www.vivawines.com.br\/loja\/wp-json\/wp\/v2\/media\/11782"}],"wp:attachment":[{"href":"https:\/\/www.vivawines.com.br\/loja\/wp-json\/wp\/v2\/media?parent=11783"}],"wp:term":[{"taxonomy":"product_cat","embeddable":true,"href":"https:\/\/www.vivawines.com.br\/loja\/wp-json\/wp\/v2\/product_cat?post=11783"},{"taxonomy":"product_tag","embeddable":true,"href":"https:\/\/www.vivawines.com.br\/loja\/wp-json\/wp\/v2\/product_tag?post=11783"}],"curies":[{"name":"wp","href":"https:\/\/api.w.org\/{rel}","templated":true}]}}