{"id":11798,"date":"2023-06-14T21:01:16","date_gmt":"2023-06-15T00:01:16","guid":{"rendered":"https:\/\/www.vivawines.com.br\/loja\/produto\/prd77581\/"},"modified":"2025-08-13T19:59:55","modified_gmt":"2025-08-13T22:59:55","slug":"prd77581","status":"publish","type":"product","link":"https:\/\/www.vivawines.com.br\/loja\/produto\/prd77581\/","title":{"rendered":"Barricado Blend"},"content":{"rendered":"<p>Tipo de Uva \u2013 Aragon\u00eas, Alicante Bouschet, Trincadeira e Touriga Nacional.<br \/>\nSafra \u2013  2020<br \/>\nGradua\u00e7\u00e3o Alco\u00f3lica \u2013 13,5%<br \/>\nVolume \u2013 750 ml<br \/>\nRegi\u00e3o \u2013 Alentejo, Portugal<br \/>\nTipo \u2013 Fino Tinto Seco.<br \/>\nElabora\u00e7\u00e3o \u2013 Estagio de 6 meses em barrica de carvalho.<br \/>\nHarmoniza\u00e7\u00e3o \u2013 Carnes vermelhas, carnes brancas e queijos.<br \/>\nVis\u00e3o \u2013 Vermelho rubi com reflexos viol\u00e1ceos.<br \/>\nOlfato \u2013 Frutas vermelhas e especiarias.<br \/>\nPaladar \u2013 Vinho de corpo m\u00e9dio, tanivo integrado ao vinho de forma equilibrada.<\/p>\n","protected":false},"excerpt":{"rendered":"<p>Barricado Blend<\/p>\n","protected":false},"featured_media":11797,"comment_status":"open","ping_status":"closed","template":"","meta":[],"product_cat":[72],"product_tag":[],"_links":{"self":[{"href":"https:\/\/www.vivawines.com.br\/loja\/wp-json\/wp\/v2\/product\/11798"}],"collection":[{"href":"https:\/\/www.vivawines.com.br\/loja\/wp-json\/wp\/v2\/product"}],"about":[{"href":"https:\/\/www.vivawines.com.br\/loja\/wp-json\/wp\/v2\/types\/product"}],"replies":[{"embeddable":true,"href":"https:\/\/www.vivawines.com.br\/loja\/wp-json\/wp\/v2\/comments?post=11798"}],"wp:featuredmedia":[{"embeddable":true,"href":"https:\/\/www.vivawines.com.br\/loja\/wp-json\/wp\/v2\/media\/11797"}],"wp:attachment":[{"href":"https:\/\/www.vivawines.com.br\/loja\/wp-json\/wp\/v2\/media?parent=11798"}],"wp:term":[{"taxonomy":"product_cat","embeddable":true,"href":"https:\/\/www.vivawines.com.br\/loja\/wp-json\/wp\/v2\/product_cat?post=11798"},{"taxonomy":"product_tag","embeddable":true,"href":"https:\/\/www.vivawines.com.br\/loja\/wp-json\/wp\/v2\/product_tag?post=11798"}],"curies":[{"name":"wp","href":"https:\/\/api.w.org\/{rel}","templated":true}]}}