{"id":11800,"date":"2023-06-14T21:01:38","date_gmt":"2023-06-15T00:01:38","guid":{"rendered":"https:\/\/www.vivawines.com.br\/loja\/produto\/prd78152\/"},"modified":"2025-03-13T18:55:45","modified_gmt":"2025-03-13T21:55:45","slug":"prd78152","status":"publish","type":"product","link":"https:\/\/www.vivawines.com.br\/loja\/produto\/prd78152\/","title":{"rendered":"Castellamare Pinot Noir"},"content":{"rendered":"<p>Tipo de Uva &#8211; Pinot Noir<br \/>\nSafra &#8211; 2022<br \/>\nGradua\u00e7\u00e3o Alco\u00f3lica &#8211; 12,5%<br \/>\nVolume &#8211; 750 ml<br \/>\nRegi\u00e3o &#8211; Farroupilha, RS<br \/>\nTipo &#8211; Vinho Fino Tinto Seco<br \/>\nElabora\u00e7\u00e3o &#8211; Sem passagem em barricas de carvalho.<br \/>\nHarmoniza\u00e7\u00e3o &#8211; \u00d3timo para acompanhar carnes vermelhas leves, salm\u00e3o, frango, massas com molhos diversos e queijos.<br \/>\nVis\u00e3o &#8211; Vinho jovem de m\u00e9dia intensidade de cor, com tra\u00e7os vol\u00e1ceos.<br \/>\nOlfato &#8211; Aroma de frutas vermelhas como amoras, groselhas, e cerejas.<br \/>\nPaladar &#8211; Elegante em boca com leves taninos aveludados.<\/p>\n","protected":false},"excerpt":{"rendered":"<p>Castellamare Pinot Noir<\/p>\n","protected":false},"featured_media":11799,"comment_status":"open","ping_status":"closed","template":"","meta":[],"product_cat":[72],"product_tag":[],"_links":{"self":[{"href":"https:\/\/www.vivawines.com.br\/loja\/wp-json\/wp\/v2\/product\/11800"}],"collection":[{"href":"https:\/\/www.vivawines.com.br\/loja\/wp-json\/wp\/v2\/product"}],"about":[{"href":"https:\/\/www.vivawines.com.br\/loja\/wp-json\/wp\/v2\/types\/product"}],"replies":[{"embeddable":true,"href":"https:\/\/www.vivawines.com.br\/loja\/wp-json\/wp\/v2\/comments?post=11800"}],"wp:featuredmedia":[{"embeddable":true,"href":"https:\/\/www.vivawines.com.br\/loja\/wp-json\/wp\/v2\/media\/11799"}],"wp:attachment":[{"href":"https:\/\/www.vivawines.com.br\/loja\/wp-json\/wp\/v2\/media?parent=11800"}],"wp:term":[{"taxonomy":"product_cat","embeddable":true,"href":"https:\/\/www.vivawines.com.br\/loja\/wp-json\/wp\/v2\/product_cat?post=11800"},{"taxonomy":"product_tag","embeddable":true,"href":"https:\/\/www.vivawines.com.br\/loja\/wp-json\/wp\/v2\/product_tag?post=11800"}],"curies":[{"name":"wp","href":"https:\/\/api.w.org\/{rel}","templated":true}]}}