{"id":11801,"date":"2023-06-14T21:01:46","date_gmt":"2023-06-15T00:01:46","guid":{"rendered":"https:\/\/www.vivawines.com.br\/loja\/produto\/prd78250\/"},"modified":"2025-03-13T18:55:47","modified_gmt":"2025-03-13T21:55:47","slug":"prd78250","status":"publish","type":"product","link":"https:\/\/www.vivawines.com.br\/loja\/produto\/prd78250\/","title":{"rendered":"Ventisquero Queulat Gran Reserva Syrah"},"content":{"rendered":"<p>Tipo de Uva \u2013 Syrah<br \/>\nSafra \u2013 2020<br \/>\nGradua\u00e7\u00e3o Alco\u00f3lica \u2013 13,5%<br \/>\nVolume \u2013 750 ml<br \/>\nRegi\u00e3o \u2013 Valle del Maipo, Chile<br \/>\nVin\u00edcola \u2013 Ventisquero<br \/>\nTipo \u2013 Vinho Fino Tinto Seco<br \/>\nElabora\u00e7\u00e3o \u2013 80% estagia por 12 meses em barricas de carvalho franc\u00eas e 20% em carvalho americano.<br \/>\nHarmoniza\u00e7\u00e3o \u2013 Carnes vermelhas, queijos e massas com molho vermelho.<br \/>\nVis\u00e3o \u2013 Rubi viol\u00e1ceo.<br \/>\nOlfato \u2013 Aromas que mescla frutas silvestres escuras, pimenta, couro, tostado, caf\u00e9, tabaco e chocolate.<br \/>\nPaladar \u2013 Taninos firmes e elegantes, com final de boca macio e elegante.<\/p>\n","protected":false},"excerpt":{"rendered":"<p>Ventisquero Queulat Gran Reserva Syrah<\/p>\n","protected":false},"featured_media":11811,"comment_status":"open","ping_status":"closed","template":"","meta":[],"product_cat":[72],"product_tag":[],"_links":{"self":[{"href":"https:\/\/www.vivawines.com.br\/loja\/wp-json\/wp\/v2\/product\/11801"}],"collection":[{"href":"https:\/\/www.vivawines.com.br\/loja\/wp-json\/wp\/v2\/product"}],"about":[{"href":"https:\/\/www.vivawines.com.br\/loja\/wp-json\/wp\/v2\/types\/product"}],"replies":[{"embeddable":true,"href":"https:\/\/www.vivawines.com.br\/loja\/wp-json\/wp\/v2\/comments?post=11801"}],"wp:featuredmedia":[{"embeddable":true,"href":"https:\/\/www.vivawines.com.br\/loja\/wp-json\/wp\/v2\/media\/11811"}],"wp:attachment":[{"href":"https:\/\/www.vivawines.com.br\/loja\/wp-json\/wp\/v2\/media?parent=11801"}],"wp:term":[{"taxonomy":"product_cat","embeddable":true,"href":"https:\/\/www.vivawines.com.br\/loja\/wp-json\/wp\/v2\/product_cat?post=11801"},{"taxonomy":"product_tag","embeddable":true,"href":"https:\/\/www.vivawines.com.br\/loja\/wp-json\/wp\/v2\/product_tag?post=11801"}],"curies":[{"name":"wp","href":"https:\/\/api.w.org\/{rel}","templated":true}]}}