{"id":11804,"date":"2023-06-14T21:02:00","date_gmt":"2023-06-15T00:02:00","guid":{"rendered":"https:\/\/www.vivawines.com.br\/loja\/produto\/prd78253\/"},"modified":"2025-03-13T18:55:55","modified_gmt":"2025-03-13T21:55:55","slug":"prd78253","status":"publish","type":"product","link":"https:\/\/www.vivawines.com.br\/loja\/produto\/prd78253\/","title":{"rendered":"Ventisquero Queulat Gran Reserva Carmenere"},"content":{"rendered":"<p>Tipo de Uva \u2013 85% Carmenere 15% Syrah<br \/>\nSafra \u2013 2020<br \/>\nGradua\u00e7\u00e3o Alco\u00f3lica \u2013 13,5%<br \/>\nVolume \u2013 750 ml<br \/>\nRegi\u00e3o \u2013 Valle del Maipo, Chile<br \/>\nVin\u00edcola \u2013 Ventisquero<br \/>\nTipo \u2013 Vinho Fino Tinto Seco<br \/>\nElabora\u00e7\u00e3o \u2013 Estagia por 12 meses em barricas de carvalho franc\u00eas e americano.<br \/>\nHarmoniza\u00e7\u00e3o \u2013 Carnes vermelhas, queijos e massas com molho vermelho.<br \/>\nVis\u00e3o \u2013 Rubi profundo.<br \/>\nOlfato \u2013 De aroma intenso e atrativo, ressaltam as frutas pretas e vermelhas maduras como amora, groselha e cereja.<br \/>\nPaladar \u2013Notas de chocolate e tabaco. Seu corpo \u00e9 grosso e equilibrado, com taninos largos.<\/p>\n","protected":false},"excerpt":{"rendered":"<p>Ventisquero Queulat Gran Reserva Carmenere<\/p>\n","protected":false},"featured_media":11814,"comment_status":"open","ping_status":"closed","template":"","meta":[],"product_cat":[72],"product_tag":[],"_links":{"self":[{"href":"https:\/\/www.vivawines.com.br\/loja\/wp-json\/wp\/v2\/product\/11804"}],"collection":[{"href":"https:\/\/www.vivawines.com.br\/loja\/wp-json\/wp\/v2\/product"}],"about":[{"href":"https:\/\/www.vivawines.com.br\/loja\/wp-json\/wp\/v2\/types\/product"}],"replies":[{"embeddable":true,"href":"https:\/\/www.vivawines.com.br\/loja\/wp-json\/wp\/v2\/comments?post=11804"}],"wp:featuredmedia":[{"embeddable":true,"href":"https:\/\/www.vivawines.com.br\/loja\/wp-json\/wp\/v2\/media\/11814"}],"wp:attachment":[{"href":"https:\/\/www.vivawines.com.br\/loja\/wp-json\/wp\/v2\/media?parent=11804"}],"wp:term":[{"taxonomy":"product_cat","embeddable":true,"href":"https:\/\/www.vivawines.com.br\/loja\/wp-json\/wp\/v2\/product_cat?post=11804"},{"taxonomy":"product_tag","embeddable":true,"href":"https:\/\/www.vivawines.com.br\/loja\/wp-json\/wp\/v2\/product_tag?post=11804"}],"curies":[{"name":"wp","href":"https:\/\/api.w.org\/{rel}","templated":true}]}}