{"id":11806,"date":"2023-06-14T21:02:02","date_gmt":"2023-06-15T00:02:02","guid":{"rendered":"https:\/\/www.vivawines.com.br\/loja\/produto\/prd78254\/"},"modified":"2025-05-26T19:40:21","modified_gmt":"2025-05-26T22:40:21","slug":"prd78254","status":"publish","type":"product","link":"https:\/\/www.vivawines.com.br\/loja\/produto\/prd78254\/","title":{"rendered":"Calvet 1818 Tempranillo"},"content":{"rendered":"<p>Tipo de Uva \u2013 90% Tempranillo e 10% Grenache<br \/>\nSafra \u2013 n\u00e3o safrado<br \/>\nGradua\u00e7\u00e3o Alco\u00f3lica \u2013 12%<br \/>\nVolume \u2013 750 ml<br \/>\nRegi\u00e3o \u2013 Vinho da Comunidade Europeia, Fran\u00e7a<br \/>\nVin\u00edcola \u2013 Calvet<br \/>\nTipo \u2013 Vinho Fino Tinto Seco<br \/>\nElabora\u00e7\u00e3o \u2013 Envelhecimento em tanques de inox.<br \/>\nHarmoniza\u00e7\u00e3o \u2013 Carnes e massas.<br \/>\nVis\u00e3o \u2013 Vermelho rubi.<br \/>\nOlfato \u2013 Frutas vermelhas, morango, cereja e framboesa.<br \/>\nPaladar \u2013 Sem madeira, leve, de tanino m\u00e9dio e bom frescor.<\/p>\n","protected":false},"excerpt":{"rendered":"<p>Calvet 1818 Tempranillo<\/p>\n","protected":false},"featured_media":11805,"comment_status":"open","ping_status":"closed","template":"","meta":[],"product_cat":[72],"product_tag":[],"_links":{"self":[{"href":"https:\/\/www.vivawines.com.br\/loja\/wp-json\/wp\/v2\/product\/11806"}],"collection":[{"href":"https:\/\/www.vivawines.com.br\/loja\/wp-json\/wp\/v2\/product"}],"about":[{"href":"https:\/\/www.vivawines.com.br\/loja\/wp-json\/wp\/v2\/types\/product"}],"replies":[{"embeddable":true,"href":"https:\/\/www.vivawines.com.br\/loja\/wp-json\/wp\/v2\/comments?post=11806"}],"wp:featuredmedia":[{"embeddable":true,"href":"https:\/\/www.vivawines.com.br\/loja\/wp-json\/wp\/v2\/media\/11805"}],"wp:attachment":[{"href":"https:\/\/www.vivawines.com.br\/loja\/wp-json\/wp\/v2\/media?parent=11806"}],"wp:term":[{"taxonomy":"product_cat","embeddable":true,"href":"https:\/\/www.vivawines.com.br\/loja\/wp-json\/wp\/v2\/product_cat?post=11806"},{"taxonomy":"product_tag","embeddable":true,"href":"https:\/\/www.vivawines.com.br\/loja\/wp-json\/wp\/v2\/product_tag?post=11806"}],"curies":[{"name":"wp","href":"https:\/\/api.w.org\/{rel}","templated":true}]}}