{"id":11819,"date":"2023-06-22T21:18:13","date_gmt":"2023-06-23T00:18:13","guid":{"rendered":"https:\/\/www.vivawines.com.br\/loja\/produto\/prd78063\/"},"modified":"2025-03-13T18:56:27","modified_gmt":"2025-03-13T21:56:27","slug":"prd78063","status":"publish","type":"product","link":"https:\/\/www.vivawines.com.br\/loja\/produto\/prd78063\/","title":{"rendered":"Kalfu Molu Pinot Noir"},"content":{"rendered":"<p>Tipo de Uva \u2013 Pinot Noir<br \/>\nSafra \u2013 2022<br \/>\nGradua\u00e7\u00e3o Alco\u00f3lica \u2013 13%<br \/>\nVolume \u2013 750 ml<br \/>\nRegi\u00e3o \u2013 Valle de Casablanca &#8211; Chile<br \/>\nTipo \u2013 Fino Tinto Seco.<br \/>\nElabora\u00e7\u00e3o \u2013  15% do vinho estagia em barricas de carvalho por 8 meses<br \/>\nHarmoniza\u00e7\u00e3o \u2013 Carnes vermelhas, carnes brancas e queijos.<br \/>\nVis\u00e3o \u2013 Vermelho intenso e profundo com reflexos viol\u00e1ceos.<br \/>\nOlfato \u2013 Aromas frutados, com notas de frutas vermelhas e baunilha.<br \/>\nPaladar \u2013 Corpo leve, pouca passagem por madeira, taninos suaves e acidez equilibrada.<\/p>\n","protected":false},"excerpt":{"rendered":"<p>Kalfu Molu Pinot Noir<\/p>\n","protected":false},"featured_media":11818,"comment_status":"open","ping_status":"closed","template":"","meta":[],"product_cat":[72],"product_tag":[],"_links":{"self":[{"href":"https:\/\/www.vivawines.com.br\/loja\/wp-json\/wp\/v2\/product\/11819"}],"collection":[{"href":"https:\/\/www.vivawines.com.br\/loja\/wp-json\/wp\/v2\/product"}],"about":[{"href":"https:\/\/www.vivawines.com.br\/loja\/wp-json\/wp\/v2\/types\/product"}],"replies":[{"embeddable":true,"href":"https:\/\/www.vivawines.com.br\/loja\/wp-json\/wp\/v2\/comments?post=11819"}],"wp:featuredmedia":[{"embeddable":true,"href":"https:\/\/www.vivawines.com.br\/loja\/wp-json\/wp\/v2\/media\/11818"}],"wp:attachment":[{"href":"https:\/\/www.vivawines.com.br\/loja\/wp-json\/wp\/v2\/media?parent=11819"}],"wp:term":[{"taxonomy":"product_cat","embeddable":true,"href":"https:\/\/www.vivawines.com.br\/loja\/wp-json\/wp\/v2\/product_cat?post=11819"},{"taxonomy":"product_tag","embeddable":true,"href":"https:\/\/www.vivawines.com.br\/loja\/wp-json\/wp\/v2\/product_tag?post=11819"}],"curies":[{"name":"wp","href":"https:\/\/api.w.org\/{rel}","templated":true}]}}