{"id":11835,"date":"2023-07-08T19:11:02","date_gmt":"2023-07-08T22:11:02","guid":{"rendered":"https:\/\/www.vivawines.com.br\/loja\/produto\/prd78257\/"},"modified":"2026-02-17T15:32:27","modified_gmt":"2026-02-17T18:32:27","slug":"prd78257","status":"publish","type":"product","link":"https:\/\/www.vivawines.com.br\/loja\/produto\/prd78257\/","title":{"rendered":"Punto Maximo Bordeaux Merlot"},"content":{"rendered":"<p>Tipo de Uva \u2013 Merlot<br \/>\nSafra \u2013 2015<br \/>\nGradua\u00e7\u00e3o Alco\u00f3lica \u2013 13%<br \/>\nVolume \u2013 750 ml<br \/>\nRegi\u00e3o \u2013 Bordeaux, Fran\u00e7a<br \/>\nTipo \u2013 Vinho Fino Tinto Seco<br \/>\nElabora\u00e7\u00e3o \u2013 12 meses em barrica de carvalho franc\u00eas.<br \/>\nHarmoniza\u00e7\u00e3o \u2013 Carnes vermelhas, massas com molho a bolonhesa.<br \/>\nOlfato \u2013 Notas intensas de frutas vermelhas e baunilha.<br \/>\nPaladar \u2013 Corpo de rica textura e final suave e frutado.<\/p>\n","protected":false},"excerpt":{"rendered":"<p>Punto Maximo Bordeaux Merlot<\/p>\n","protected":false},"featured_media":11834,"comment_status":"open","ping_status":"closed","template":"","meta":[],"product_cat":[72],"product_tag":[],"_links":{"self":[{"href":"https:\/\/www.vivawines.com.br\/loja\/wp-json\/wp\/v2\/product\/11835"}],"collection":[{"href":"https:\/\/www.vivawines.com.br\/loja\/wp-json\/wp\/v2\/product"}],"about":[{"href":"https:\/\/www.vivawines.com.br\/loja\/wp-json\/wp\/v2\/types\/product"}],"replies":[{"embeddable":true,"href":"https:\/\/www.vivawines.com.br\/loja\/wp-json\/wp\/v2\/comments?post=11835"}],"wp:featuredmedia":[{"embeddable":true,"href":"https:\/\/www.vivawines.com.br\/loja\/wp-json\/wp\/v2\/media\/11834"}],"wp:attachment":[{"href":"https:\/\/www.vivawines.com.br\/loja\/wp-json\/wp\/v2\/media?parent=11835"}],"wp:term":[{"taxonomy":"product_cat","embeddable":true,"href":"https:\/\/www.vivawines.com.br\/loja\/wp-json\/wp\/v2\/product_cat?post=11835"},{"taxonomy":"product_tag","embeddable":true,"href":"https:\/\/www.vivawines.com.br\/loja\/wp-json\/wp\/v2\/product_tag?post=11835"}],"curies":[{"name":"wp","href":"https:\/\/api.w.org\/{rel}","templated":true}]}}