{"id":11868,"date":"2023-12-03T11:51:20","date_gmt":"2023-12-03T14:51:20","guid":{"rendered":"https:\/\/www.vivawines.com.br\/loja\/produto\/prd78260\/"},"modified":"2025-05-08T20:29:07","modified_gmt":"2025-05-08T23:29:07","slug":"prd78260","status":"publish","type":"product","link":"https:\/\/www.vivawines.com.br\/loja\/produto\/prd78260\/","title":{"rendered":"Errante Merlot"},"content":{"rendered":"<p>Tipo de Uva \u2013 Merlot<br \/>\nSafra \u2013 2020<br \/>\nGradua\u00e7\u00e3o Alco\u00f3lica \u2013 12,9%<br \/>\nVolume \u2013 750 ml<br \/>\nRegi\u00e3o \u2013 Mendoza, Argentina<br \/>\nTipo \u2013 Tinto Fino Seco<br \/>\nM\u00e9todo \u2013 Estagiou por 3 meses em tanques de inox<br \/>\nHarmoniza\u00e7\u00e3o \u2013 Carnes vermelhas, massas e queijos.<br \/>\nVis\u00e3o \u2013 Colora\u00e7\u00e3o vermelho rub\u00ed profundo e l\u00edmpido.<br \/>\nOlfato \u2013 No nariz, intenso com notas de frutas vermelhas e negras maduras.<br \/>\nPaladar \u2013 Na boca, elegante e consistente, com taninos maduros.<\/p>\n","protected":false},"excerpt":{"rendered":"<p>Errante Merlot<\/p>\n","protected":false},"featured_media":11867,"comment_status":"open","ping_status":"closed","template":"","meta":[],"product_cat":[72],"product_tag":[],"_links":{"self":[{"href":"https:\/\/www.vivawines.com.br\/loja\/wp-json\/wp\/v2\/product\/11868"}],"collection":[{"href":"https:\/\/www.vivawines.com.br\/loja\/wp-json\/wp\/v2\/product"}],"about":[{"href":"https:\/\/www.vivawines.com.br\/loja\/wp-json\/wp\/v2\/types\/product"}],"replies":[{"embeddable":true,"href":"https:\/\/www.vivawines.com.br\/loja\/wp-json\/wp\/v2\/comments?post=11868"}],"wp:featuredmedia":[{"embeddable":true,"href":"https:\/\/www.vivawines.com.br\/loja\/wp-json\/wp\/v2\/media\/11867"}],"wp:attachment":[{"href":"https:\/\/www.vivawines.com.br\/loja\/wp-json\/wp\/v2\/media?parent=11868"}],"wp:term":[{"taxonomy":"product_cat","embeddable":true,"href":"https:\/\/www.vivawines.com.br\/loja\/wp-json\/wp\/v2\/product_cat?post=11868"},{"taxonomy":"product_tag","embeddable":true,"href":"https:\/\/www.vivawines.com.br\/loja\/wp-json\/wp\/v2\/product_tag?post=11868"}],"curies":[{"name":"wp","href":"https:\/\/api.w.org\/{rel}","templated":true}]}}