{"id":11876,"date":"2023-12-03T17:24:24","date_gmt":"2023-12-03T20:24:24","guid":{"rendered":"https:\/\/www.vivawines.com.br\/loja\/produto\/prd78266\/"},"modified":"2025-03-13T18:57:27","modified_gmt":"2025-03-13T21:57:27","slug":"prd78266","status":"publish","type":"product","link":"https:\/\/www.vivawines.com.br\/loja\/produto\/prd78266\/","title":{"rendered":"Barose Ros\u00e9 Tempranillo"},"content":{"rendered":"<p>Tipo de Uva \u2013 Tempranillo\/Garnacha<br \/>\nSafra \u2013 2022<br \/>\nGradua\u00e7\u00e3o Alco\u00f3lica \u2013 12%<br \/>\nVolume \u2013 750 ml<br \/>\nRegi\u00e3o \u2013 Castilla de la Mancha, Espanha<br \/>\nTipo \u2013 Ros\u00e9 Fino Seco<br \/>\nM\u00e9todo \u2013 Sem passagem em barricas<br \/>\nHarmoniza\u00e7\u00e3o \u2013 Frutos do mar<br \/>\nVis\u00e3o \u2013 Vinho de cor vermelho morango de m\u00e9dia intensidade, limpo e brilhante.<br \/>\nOlfato \u2013 Aromas de frutas vermelhas como framboesa, enquanto tempranillo oferece estrutura e sedosidade.<br \/>\nPaladar \u2013 Vinho elegante e refrescante<\/p>\n","protected":false},"excerpt":{"rendered":"<p>Barose Ros\u00e9 Tempranillo<\/p>\n","protected":false},"featured_media":11875,"comment_status":"open","ping_status":"closed","template":"","meta":[],"product_cat":[72],"product_tag":[],"_links":{"self":[{"href":"https:\/\/www.vivawines.com.br\/loja\/wp-json\/wp\/v2\/product\/11876"}],"collection":[{"href":"https:\/\/www.vivawines.com.br\/loja\/wp-json\/wp\/v2\/product"}],"about":[{"href":"https:\/\/www.vivawines.com.br\/loja\/wp-json\/wp\/v2\/types\/product"}],"replies":[{"embeddable":true,"href":"https:\/\/www.vivawines.com.br\/loja\/wp-json\/wp\/v2\/comments?post=11876"}],"wp:featuredmedia":[{"embeddable":true,"href":"https:\/\/www.vivawines.com.br\/loja\/wp-json\/wp\/v2\/media\/11875"}],"wp:attachment":[{"href":"https:\/\/www.vivawines.com.br\/loja\/wp-json\/wp\/v2\/media?parent=11876"}],"wp:term":[{"taxonomy":"product_cat","embeddable":true,"href":"https:\/\/www.vivawines.com.br\/loja\/wp-json\/wp\/v2\/product_cat?post=11876"},{"taxonomy":"product_tag","embeddable":true,"href":"https:\/\/www.vivawines.com.br\/loja\/wp-json\/wp\/v2\/product_tag?post=11876"}],"curies":[{"name":"wp","href":"https:\/\/api.w.org\/{rel}","templated":true}]}}