{"id":11915,"date":"2024-12-21T23:45:39","date_gmt":"2024-12-22T02:45:39","guid":{"rendered":"https:\/\/www.vivawines.com.br\/loja\/produto\/prd77975\/"},"modified":"2025-08-13T20:00:08","modified_gmt":"2025-08-13T23:00:08","slug":"prd77975","status":"publish","type":"product","link":"https:\/\/www.vivawines.com.br\/loja\/produto\/prd77975\/","title":{"rendered":"San Telmo Chardonnay"},"content":{"rendered":"<p>Tipo de Uva &#8211; Chardonnay<br \/>\nSafra &#8211; 2022<br \/>\nGradua\u00e7\u00e3o Alco\u00f3lica &#8211; 12,5%<br \/>\nVolume &#8211; 750 ml<br \/>\nRegi\u00e3o &#8211; Mendoza, Argentina<br \/>\nTipo &#8211; Fino Branco Seco<br \/>\nElabora\u00e7\u00e3o &#8211; Fermenta e amadurece em tanques de inox<br \/>\nHarmoniza\u00e7\u00e3o &#8211; \u00c9 excelente para acompanhar frutos do mar, peixes e legumes grelhados.<br \/>\nVis\u00e3o &#8211;  Amarelo palha brilhante.<br \/>\nOlfato &#8211; No nariz, tamb\u00e9m delicado e sutil, possui aromas que remetem as frutas c\u00edtricas e um toque de ma\u00e7\u00e3.<br \/>\nPaladar &#8211; Leve, fresco com notas de frutas c\u00edtricas e ma\u00e7\u00e3.<\/p>\n","protected":false},"excerpt":{"rendered":"<p>San Telmo Chardonnay<\/p>\n","protected":false},"featured_media":11914,"comment_status":"open","ping_status":"closed","template":"","meta":[],"product_cat":[72],"product_tag":[],"_links":{"self":[{"href":"https:\/\/www.vivawines.com.br\/loja\/wp-json\/wp\/v2\/product\/11915"}],"collection":[{"href":"https:\/\/www.vivawines.com.br\/loja\/wp-json\/wp\/v2\/product"}],"about":[{"href":"https:\/\/www.vivawines.com.br\/loja\/wp-json\/wp\/v2\/types\/product"}],"replies":[{"embeddable":true,"href":"https:\/\/www.vivawines.com.br\/loja\/wp-json\/wp\/v2\/comments?post=11915"}],"wp:featuredmedia":[{"embeddable":true,"href":"https:\/\/www.vivawines.com.br\/loja\/wp-json\/wp\/v2\/media\/11914"}],"wp:attachment":[{"href":"https:\/\/www.vivawines.com.br\/loja\/wp-json\/wp\/v2\/media?parent=11915"}],"wp:term":[{"taxonomy":"product_cat","embeddable":true,"href":"https:\/\/www.vivawines.com.br\/loja\/wp-json\/wp\/v2\/product_cat?post=11915"},{"taxonomy":"product_tag","embeddable":true,"href":"https:\/\/www.vivawines.com.br\/loja\/wp-json\/wp\/v2\/product_tag?post=11915"}],"curies":[{"name":"wp","href":"https:\/\/api.w.org\/{rel}","templated":true}]}}