{"id":11945,"date":"2024-12-21T23:46:25","date_gmt":"2024-12-22T02:46:25","guid":{"rendered":"https:\/\/www.vivawines.com.br\/loja\/produto\/prd78178\/"},"modified":"2026-02-17T11:34:50","modified_gmt":"2026-02-17T14:34:50","slug":"prd78178","status":"publish","type":"product","link":"https:\/\/www.vivawines.com.br\/loja\/produto\/prd78178\/","title":{"rendered":"Bag in Box Castellamare Cabernet Sauvignon 5 Litros"},"content":{"rendered":"<p>Tipo de Uva &#8211; Cabernet Sauvignon<br \/>\nSafra &#8211; n\u00e3o safrado.<br \/>\nGradua\u00e7\u00e3o Alco\u00f3lica &#8211; 12%<br \/>\nVolume &#8211; 750 ml<br \/>\nRegi\u00e3o &#8211; Farroupilha, RS<br \/>\nTipo &#8211; Vinho Fino Tinto Seco<br \/>\nElabora\u00e7\u00e3o &#8211; Sem passagem em barricas de carvalho.<br \/>\nHarmoniza\u00e7\u00e3o &#8211; Carnes vermelhas, massas, picanha.<br \/>\nVis\u00e3o &#8211; Vermelho rubi.<br \/>\nOlfato &#8211; Frutas vermelhas maduras<br \/>\nPaladar &#8211; Estruturado, equilibrado e taninos redondos<\/p>\n","protected":false},"excerpt":{"rendered":"<p>Bag in Box Castellamare Cabernet Sauvignon 5 Litros<\/p>\n","protected":false},"featured_media":11944,"comment_status":"open","ping_status":"closed","template":"","meta":[],"product_cat":[340],"product_tag":[],"_links":{"self":[{"href":"https:\/\/www.vivawines.com.br\/loja\/wp-json\/wp\/v2\/product\/11945"}],"collection":[{"href":"https:\/\/www.vivawines.com.br\/loja\/wp-json\/wp\/v2\/product"}],"about":[{"href":"https:\/\/www.vivawines.com.br\/loja\/wp-json\/wp\/v2\/types\/product"}],"replies":[{"embeddable":true,"href":"https:\/\/www.vivawines.com.br\/loja\/wp-json\/wp\/v2\/comments?post=11945"}],"wp:featuredmedia":[{"embeddable":true,"href":"https:\/\/www.vivawines.com.br\/loja\/wp-json\/wp\/v2\/media\/11944"}],"wp:attachment":[{"href":"https:\/\/www.vivawines.com.br\/loja\/wp-json\/wp\/v2\/media?parent=11945"}],"wp:term":[{"taxonomy":"product_cat","embeddable":true,"href":"https:\/\/www.vivawines.com.br\/loja\/wp-json\/wp\/v2\/product_cat?post=11945"},{"taxonomy":"product_tag","embeddable":true,"href":"https:\/\/www.vivawines.com.br\/loja\/wp-json\/wp\/v2\/product_tag?post=11945"}],"curies":[{"name":"wp","href":"https:\/\/api.w.org\/{rel}","templated":true}]}}