{"id":12047,"date":"2026-02-16T11:24:43","date_gmt":"2026-02-16T14:24:43","guid":{"rendered":"https:\/\/www.vivawines.com.br\/loja\/produto\/prd77632\/"},"modified":"2026-02-16T11:24:43","modified_gmt":"2026-02-16T14:24:43","slug":"prd77632","status":"publish","type":"product","link":"https:\/\/www.vivawines.com.br\/loja\/produto\/prd77632\/","title":{"rendered":"Zanotto Malbec"},"content":{"rendered":"<p>Tipo de Uva \u2013 Malbec<br \/>\nSafra \u2013 2020<br \/>\nGradua\u00e7\u00e3o Alco\u00f3lica \u2013 13%<br \/>\nVolume \u2013 750 ml<br \/>\nRegi\u00e3o \u2013 Vacaria, RS<br \/>\nVin\u00edcola \u2013 Campestre<br \/>\nTipo \u2013 Vinho Fino Tinto Seco<br \/>\nElabora\u00e7\u00e3o \u2013 Sem passagens em barrica de carvalho.<br \/>\nHarmoniza\u00e7\u00e3o \u2013 Carne bovina e de cordeiro, massas com molhos vermelhos, risotos e queijos fortes.<br \/>\nVis\u00e3o \u2013 Apresenta tonalidade vermelha com tons viol\u00e1ceos.<br \/>\nOlfato \u2013 Aromas lembrando cereja, amora e sutilmente um mentolado.<br \/>\nPaladar \u2013 Sabor macio, e robusto ao mesmo tempo de boa persist\u00eancia e suculento.<\/p>\n","protected":false},"excerpt":{"rendered":"<p>Zanotto Malbec<\/p>\n","protected":false},"featured_media":12046,"comment_status":"open","ping_status":"closed","template":"","meta":[],"product_cat":[72],"product_tag":[],"_links":{"self":[{"href":"https:\/\/www.vivawines.com.br\/loja\/wp-json\/wp\/v2\/product\/12047"}],"collection":[{"href":"https:\/\/www.vivawines.com.br\/loja\/wp-json\/wp\/v2\/product"}],"about":[{"href":"https:\/\/www.vivawines.com.br\/loja\/wp-json\/wp\/v2\/types\/product"}],"replies":[{"embeddable":true,"href":"https:\/\/www.vivawines.com.br\/loja\/wp-json\/wp\/v2\/comments?post=12047"}],"wp:featuredmedia":[{"embeddable":true,"href":"https:\/\/www.vivawines.com.br\/loja\/wp-json\/wp\/v2\/media\/12046"}],"wp:attachment":[{"href":"https:\/\/www.vivawines.com.br\/loja\/wp-json\/wp\/v2\/media?parent=12047"}],"wp:term":[{"taxonomy":"product_cat","embeddable":true,"href":"https:\/\/www.vivawines.com.br\/loja\/wp-json\/wp\/v2\/product_cat?post=12047"},{"taxonomy":"product_tag","embeddable":true,"href":"https:\/\/www.vivawines.com.br\/loja\/wp-json\/wp\/v2\/product_tag?post=12047"}],"curies":[{"name":"wp","href":"https:\/\/api.w.org\/{rel}","templated":true}]}}