{"id":12049,"date":"2026-02-16T11:24:48","date_gmt":"2026-02-16T14:24:48","guid":{"rendered":"https:\/\/www.vivawines.com.br\/loja\/produto\/prd77680\/"},"modified":"2026-02-16T11:24:48","modified_gmt":"2026-02-16T14:24:48","slug":"prd77680","status":"publish","type":"product","link":"https:\/\/www.vivawines.com.br\/loja\/produto\/prd77680\/","title":{"rendered":"Calvet Cabernet Sauvignon"},"content":{"rendered":"<p>Tipo de Uva \u2013 Cabernet Sauvignon<br \/>\nSafra \u2013 2018<br \/>\nGradua\u00e7\u00e3o Alco\u00f3lica \u2013 13,5%<br \/>\nVolume \u2013 750 ml<br \/>\nRegi\u00e3o \u2013 Sul da Fran\u00e7a<br \/>\nTipo \u2013 Vinho Fino Tinto Meio Seco<br \/>\nElabora\u00e7\u00e3o \u2013 Intensa extra\u00e7\u00e3o dos aromas e da cor por meio de numerosos pumpovers durante os est\u00e1gios de fermenta\u00e7\u00e3o e macera\u00e7\u00e3o.<br \/>\nHarmoniza\u00e7\u00e3o \u2013 Ideal como acompanhamento para carnes vermelhas, como carne ou ca\u00e7a, mas tamb\u00e9m salsichas, saladas e um bom n\u00famero de queijos.<br \/>\nVis\u00e3o \u2013 Vermelho Rubi.<br \/>\nOlfato \u2013 Aromas de groselha preta, pimenta verde com notas picantes e feno, t\u00edpicos desta regi\u00e3o.<br \/>\nPaladar \u2013 Excelente corpo t\u00e2nico, notas de alca\u00e7uz, persist\u00eancia e bom paladar.<\/p>\n","protected":false},"excerpt":{"rendered":"<p>Calvet Cabernet Sauvignon<\/p>\n","protected":false},"featured_media":12048,"comment_status":"open","ping_status":"closed","template":"","meta":[],"product_cat":[72],"product_tag":[],"_links":{"self":[{"href":"https:\/\/www.vivawines.com.br\/loja\/wp-json\/wp\/v2\/product\/12049"}],"collection":[{"href":"https:\/\/www.vivawines.com.br\/loja\/wp-json\/wp\/v2\/product"}],"about":[{"href":"https:\/\/www.vivawines.com.br\/loja\/wp-json\/wp\/v2\/types\/product"}],"replies":[{"embeddable":true,"href":"https:\/\/www.vivawines.com.br\/loja\/wp-json\/wp\/v2\/comments?post=12049"}],"wp:featuredmedia":[{"embeddable":true,"href":"https:\/\/www.vivawines.com.br\/loja\/wp-json\/wp\/v2\/media\/12048"}],"wp:attachment":[{"href":"https:\/\/www.vivawines.com.br\/loja\/wp-json\/wp\/v2\/media?parent=12049"}],"wp:term":[{"taxonomy":"product_cat","embeddable":true,"href":"https:\/\/www.vivawines.com.br\/loja\/wp-json\/wp\/v2\/product_cat?post=12049"},{"taxonomy":"product_tag","embeddable":true,"href":"https:\/\/www.vivawines.com.br\/loja\/wp-json\/wp\/v2\/product_tag?post=12049"}],"curies":[{"name":"wp","href":"https:\/\/api.w.org\/{rel}","templated":true}]}}